{"id":162,"date":"2024-07-08T13:38:02","date_gmt":"2024-07-08T13:38:02","guid":{"rendered":"https:\/\/klarafardigafilm.com\/finland\/?page_id=162"},"modified":"2024-11-13T11:18:22","modified_gmt":"2024-11-13T11:18:22","slug":"aiemmat-tuotannot","status":"publish","type":"page","link":"https:\/\/klarafardigafilm.com\/fi\/aiemmat-tuotannot\/","title":{"rendered":"Aiemmat Tuotannot"},"content":{"rendered":"\t\t<div data-elementor-type=\"wp-page\" data-elementor-id=\"162\" class=\"elementor elementor-162\" data-elementor-post-type=\"page\">\n\t\t\t\t<section class=\"elementor-element elementor-element-2b695c1 e-flex e-con-boxed wpr-particle-no wpr-jarallax-no wpr-parallax-no wpr-sticky-section-no e-con e-parent\" data-id=\"2b695c1\" data-element_type=\"container\" data-e-type=\"container\">\n\t\t\t\t\t<div class=\"e-con-inner\">\n\t\t<div class=\"elementor-element elementor-element-b222012 e-con-full animate-content e-flex wpr-particle-no wpr-jarallax-no wpr-parallax-no wpr-sticky-section-no e-con e-child\" data-id=\"b222012\" data-element_type=\"container\" data-e-type=\"container\">\n\t\t\t\t<div class=\"elementor-element elementor-element-9e68ba0 FutuMd h-one exad-sticky-section-no exad-glass-effect-no elementor-widget elementor-widget-heading\" data-id=\"9e68ba0\" data-element_type=\"widget\" data-e-type=\"widget\" data-widget_type=\"heading.default\">\n\t\t\t\t<div class=\"elementor-widget-container\">\n\t\t\t\t\t<h2 class=\"elementor-heading-title elementor-size-default\">AIEMMAT<\/h2>\t\t\t\t<\/div>\n\t\t\t\t<\/div>\n\t\t\t\t<\/div>\n\t\t<div class=\"elementor-element elementor-element-3171325 e-con-full h-two e-flex wpr-particle-no wpr-jarallax-no wpr-parallax-no wpr-sticky-section-no e-con e-child\" data-id=\"3171325\" data-element_type=\"container\" data-e-type=\"container\">\n\t\t\t\t<div class=\"elementor-element elementor-element-de898c2 FutuMd h-one exad-sticky-section-no exad-glass-effect-no elementor-widget elementor-widget-heading\" data-id=\"de898c2\" data-element_type=\"widget\" data-e-type=\"widget\" data-widget_type=\"heading.default\">\n\t\t\t\t<div class=\"elementor-widget-container\">\n\t\t\t\t\t<h2 class=\"elementor-heading-title elementor-size-default\"><span class=\"stroke-text\">TUOTANNOT<\/span><\/h2>\t\t\t\t<\/div>\n\t\t\t\t<\/div>\n\t\t<div class=\"elementor-element elementor-element-72062ab e-con-full e-flex wpr-particle-no wpr-jarallax-no wpr-parallax-no wpr-sticky-section-no e-con e-child\" data-id=\"72062ab\" data-element_type=\"container\" data-e-type=\"container\">\n\t\t<div class=\"elementor-element elementor-element-3f16a9a e-con-full e-flex wpr-particle-no wpr-jarallax-no wpr-parallax-no wpr-sticky-section-no e-con e-child\" data-id=\"3f16a9a\" data-element_type=\"container\" data-e-type=\"container\">\n\t\t\t\t<\/div>\n\t\t<div class=\"elementor-element elementor-element-ce78640 e-con-full e-flex wpr-particle-no wpr-jarallax-no wpr-parallax-no wpr-sticky-section-no e-con e-child\" data-id=\"ce78640\" data-element_type=\"container\" data-e-type=\"container\">\n\t\t\t\t<div class=\"elementor-element elementor-element-a0b5f33 exad-sticky-section-no exad-glass-effect-no elementor-widget elementor-widget-text-editor\" data-id=\"a0b5f33\" data-element_type=\"widget\" data-e-type=\"widget\" data-widget_type=\"text-editor.default\">\n\t\t\t\t<div class=\"elementor-widget-container\">\n\t\t\t\t\t\t\t\t\tT\u00e4lt\u00e4 sivulta l\u00f6yd\u00e4t sis\u00e4lt\u00f6\u00e4, jonka olemme luoneet joillekin aiemmille asiakkaillemme. Nauti!\t\t\t\t\t\t\t\t<\/div>\n\t\t\t\t<\/div>\n\t\t\t\t<\/div>\n\t\t\t\t<\/div>\n\t\t\t\t<\/div>\n\t\t\t\t\t<\/div>\n\t\t\t\t<\/section>\n\t\t<div class=\"elementor-element elementor-element-30ace7a e-flex e-con-boxed wpr-particle-no wpr-jarallax-no wpr-parallax-no wpr-sticky-section-no e-con e-parent\" data-id=\"30ace7a\" data-element_type=\"container\" data-e-type=\"container\" data-settings=\"{&quot;background_background&quot;:&quot;classic&quot;}\">\n\t\t\t\t\t<div class=\"e-con-inner\">\n\t\t<div class=\"elementor-element elementor-element-0d70eaf e-con-full e-flex wpr-particle-no wpr-jarallax-no wpr-parallax-no wpr-sticky-section-no e-con e-child\" data-id=\"0d70eaf\" data-element_type=\"container\" data-e-type=\"container\">\n\t\t<div class=\"elementor-element elementor-element-eeb495a e-con-full e-flex wpr-particle-no wpr-jarallax-no wpr-parallax-no wpr-sticky-section-no e-con e-child\" data-id=\"eeb495a\" data-element_type=\"container\" data-e-type=\"container\" data-settings=\"{&quot;background_background&quot;:&quot;classic&quot;,&quot;sticky&quot;:&quot;top&quot;,&quot;sticky_on&quot;:[&quot;widescreen&quot;,&quot;desktop&quot;,&quot;laptop&quot;,&quot;tablet&quot;],&quot;sticky_offset&quot;:150,&quot;sticky_parent&quot;:&quot;yes&quot;,&quot;sticky_effects_offset&quot;:0,&quot;sticky_anchor_link_offset&quot;:0}\">\n\t\t\t\t<div class=\"elementor-element elementor-element-c648c64 exad-sticky-section-no exad-glass-effect-no elementor-widget elementor-widget-video\" data-id=\"c648c64\" data-element_type=\"widget\" data-e-type=\"widget\" data-settings=\"{&quot;video_type&quot;:&quot;vimeo&quot;}\" data-widget_type=\"video.default\">\n\t\t\t\t<div class=\"elementor-widget-container\">\n\t\t\t\t\t\t\t<div class=\"elementor-wrapper elementor-open-inline\">\n\t\t\t<iframe class=\"elementor-video-iframe\" allowfullscreen allow=\"clipboard-write\" title=\"vimeo Video Player\" src=\"https:\/\/player.vimeo.com\/video\/852993112?color&amp;autopause=0&amp;loop=0&amp;muted=0&amp;title=1&amp;portrait=1&amp;byline=1&amp;h=b42622ca28#t=\"><\/iframe>\t\t<\/div>\n\t\t\t\t\t\t<\/div>\n\t\t\t\t<\/div>\n\t\t\t\t<div class=\"elementor-element elementor-element-b808f92 exad-sticky-section-no exad-glass-effect-no elementor-widget elementor-widget-text-editor\" data-id=\"b808f92\" data-element_type=\"widget\" data-e-type=\"widget\" data-widget_type=\"text-editor.default\">\n\t\t\t\t<div class=\"elementor-widget-container\">\n\t\t\t\t\t\t\t\t\tNira\t\t\t\t\t\t\t\t<\/div>\n\t\t\t\t<\/div>\n\t\t\t\t<div class=\"elementor-element elementor-element-652c703 exad-sticky-section-no exad-glass-effect-no elementor-widget elementor-widget-text-editor\" data-id=\"652c703\" data-element_type=\"widget\" data-e-type=\"widget\" data-widget_type=\"text-editor.default\">\n\t\t\t\t<div class=\"elementor-widget-container\">\n\t\t\t\t\t\t\t\t\tTeknologiayritys, joka on erikoistunut edistyneeseen data-analytiikkaan ja teko\u00e4lyyn ja tarjoaa r\u00e4\u00e4t\u00e4l\u00f6ityj\u00e4 ohjelmistoratkaisuja.\t\t\t\t\t\t\t\t<\/div>\n\t\t\t\t<\/div>\n\t\t\t\t<\/div>\n\t\t<div class=\"elementor-element elementor-element-fc45c1e e-con-full e-flex wpr-particle-no wpr-jarallax-no wpr-parallax-no wpr-sticky-section-no e-con e-child\" data-id=\"fc45c1e\" data-element_type=\"container\" data-e-type=\"container\" data-settings=\"{&quot;background_background&quot;:&quot;classic&quot;,&quot;sticky&quot;:&quot;top&quot;,&quot;sticky_on&quot;:[&quot;widescreen&quot;,&quot;desktop&quot;,&quot;laptop&quot;,&quot;tablet&quot;],&quot;sticky_offset&quot;:150,&quot;sticky_parent&quot;:&quot;yes&quot;,&quot;sticky_effects_offset&quot;:0,&quot;sticky_anchor_link_offset&quot;:0}\">\n\t\t\t\t<div class=\"elementor-element elementor-element-cdfe257 exad-sticky-section-no exad-glass-effect-no elementor-widget elementor-widget-video\" data-id=\"cdfe257\" data-element_type=\"widget\" data-e-type=\"widget\" data-settings=\"{&quot;video_type&quot;:&quot;vimeo&quot;}\" data-widget_type=\"video.default\">\n\t\t\t\t<div class=\"elementor-widget-container\">\n\t\t\t\t\t\t\t<div class=\"elementor-wrapper elementor-open-inline\">\n\t\t\t<iframe class=\"elementor-video-iframe\" allowfullscreen allow=\"clipboard-write\" title=\"vimeo Video Player\" src=\"https:\/\/player.vimeo.com\/video\/852975170?color&amp;autopause=0&amp;loop=0&amp;muted=0&amp;title=1&amp;portrait=1&amp;byline=1&amp;h=322e9be92a#t=\"><\/iframe>\t\t<\/div>\n\t\t\t\t\t\t<\/div>\n\t\t\t\t<\/div>\n\t\t\t\t<div class=\"elementor-element elementor-element-58eaacd exad-sticky-section-no exad-glass-effect-no elementor-widget elementor-widget-text-editor\" data-id=\"58eaacd\" data-element_type=\"widget\" data-e-type=\"widget\" data-widget_type=\"text-editor.default\">\n\t\t\t\t<div class=\"elementor-widget-container\">\n\t\t\t\t\t\t\t\t\tGritify\t\t\t\t\t\t\t\t<\/div>\n\t\t\t\t<\/div>\n\t\t\t\t<div class=\"elementor-element elementor-element-8dc2ac3 exad-sticky-section-no exad-glass-effect-no elementor-widget elementor-widget-text-editor\" data-id=\"8dc2ac3\" data-element_type=\"widget\" data-e-type=\"widget\" data-widget_type=\"text-editor.default\">\n\t\t\t\t<div class=\"elementor-widget-container\">\n\t\t\t\t\t\t\t\t\tInnovatiivinen kest\u00e4vien rakennusmateriaalien valmistaja, joka keskittyy ymp\u00e4rist\u00f6yst\u00e4v\u00e4llisiin ja kustannustehokkaisiin rakennusteollisuuden tuotteisiin.\t\t\t\t\t\t\t\t<\/div>\n\t\t\t\t<\/div>\n\t\t\t\t<\/div>\n\t\t<div class=\"elementor-element elementor-element-6761156 e-con-full e-flex wpr-particle-no wpr-jarallax-no wpr-parallax-no wpr-sticky-section-no e-con e-child\" data-id=\"6761156\" data-element_type=\"container\" data-e-type=\"container\" data-settings=\"{&quot;background_background&quot;:&quot;classic&quot;,&quot;sticky&quot;:&quot;top&quot;,&quot;sticky_on&quot;:[&quot;desktop&quot;,&quot;tablet&quot;],&quot;sticky_parent&quot;:&quot;yes&quot;,&quot;sticky_offset&quot;:0,&quot;sticky_effects_offset&quot;:0,&quot;sticky_anchor_link_offset&quot;:0}\">\n\t\t\t\t<div class=\"elementor-element elementor-element-0c9979c exad-sticky-section-no exad-glass-effect-no elementor-widget elementor-widget-video\" data-id=\"0c9979c\" data-element_type=\"widget\" data-e-type=\"widget\" data-settings=\"{&quot;video_type&quot;:&quot;vimeo&quot;}\" data-widget_type=\"video.default\">\n\t\t\t\t<div class=\"elementor-widget-container\">\n\t\t\t\t\t\t\t<div class=\"elementor-wrapper elementor-open-inline\">\n\t\t\t<iframe class=\"elementor-video-iframe\" allowfullscreen allow=\"clipboard-write\" title=\"vimeo Video Player\" src=\"https:\/\/player.vimeo.com\/video\/906016526?color&amp;autopause=0&amp;loop=0&amp;muted=0&amp;title=1&amp;portrait=1&amp;byline=1&amp;h=bafdd73f4c#t=\"><\/iframe>\t\t<\/div>\n\t\t\t\t\t\t<\/div>\n\t\t\t\t<\/div>\n\t\t\t\t<div class=\"elementor-element elementor-element-d1b3a97 exad-sticky-section-no exad-glass-effect-no elementor-widget elementor-widget-text-editor\" data-id=\"d1b3a97\" data-element_type=\"widget\" data-e-type=\"widget\" data-widget_type=\"text-editor.default\">\n\t\t\t\t<div class=\"elementor-widget-container\">\n\t\t\t\t\t\t\t\t\t<p>ABB<\/p>\t\t\t\t\t\t\t\t<\/div>\n\t\t\t\t<\/div>\n\t\t\t\t<div class=\"elementor-element elementor-element-85a108b exad-sticky-section-no exad-glass-effect-no elementor-widget elementor-widget-text-editor\" data-id=\"85a108b\" data-element_type=\"widget\" data-e-type=\"widget\" data-widget_type=\"text-editor.default\">\n\t\t\t\t<div class=\"elementor-widget-container\">\n\t\t\t\t\t\t\t\t\tMaailman johtava voima- ja automaatioteknologian toimittaja, joka tarjoaa digitaalisesti kytkettyj\u00e4 teollisuuslaitteita ja -j\u00e4rjestelmi\u00e4.\t\t\t\t\t\t\t\t<\/div>\n\t\t\t\t<\/div>\n\t\t\t\t<\/div>\n\t\t\t\t<\/div>\n\t\t\t\t\t<\/div>\n\t\t\t\t<\/div>\n\t\t<div class=\"elementor-element elementor-element-ebae330 e-flex e-con-boxed wpr-particle-no wpr-jarallax-no wpr-parallax-no wpr-sticky-section-no e-con e-parent\" data-id=\"ebae330\" data-element_type=\"container\" data-e-type=\"container\" data-settings=\"{&quot;background_background&quot;:&quot;classic&quot;}\">\n\t\t\t\t\t<div class=\"e-con-inner\">\n\t\t\t\t<div class=\"elementor-element elementor-element-f9ce1e4 FutuMd exad-sticky-section-no exad-glass-effect-no elementor-widget elementor-widget-heading\" data-id=\"f9ce1e4\" data-element_type=\"widget\" data-e-type=\"widget\" data-widget_type=\"heading.default\">\n\t\t\t\t<div class=\"elementor-widget-container\">\n\t\t\t\t\t<h2 class=\"elementor-heading-title elementor-size-default\">Meid\u00e4n <span class=\"stroke-text-yellow\">Youtube-kanava<\/span><\/h2>\t\t\t\t<\/div>\n\t\t\t\t<\/div>\n\t\t<div class=\"elementor-element elementor-element-a322ff6 e-con-full e-flex wpr-particle-no wpr-jarallax-no wpr-parallax-no wpr-sticky-section-no e-con e-child\" data-id=\"a322ff6\" data-element_type=\"container\" data-e-type=\"container\">\n\t\t\t\t<div class=\"elementor-element elementor-element-bdd37dc elementor-icon-list--layout-inline elementor-list-item-link-full_width exad-sticky-section-no exad-glass-effect-no elementor-widget elementor-widget-icon-list\" data-id=\"bdd37dc\" data-element_type=\"widget\" data-e-type=\"widget\" data-widget_type=\"icon-list.default\">\n\t\t\t\t<div class=\"elementor-widget-container\">\n\t\t\t\t\t\t\t<ul class=\"elementor-icon-list-items elementor-inline-items\">\n\t\t\t\t\t\t\t<li class=\"elementor-icon-list-item elementor-inline-item\">\n\t\t\t\t\t\t\t\t\t\t\t<span class=\"elementor-icon-list-icon\">\n\t\t\t\t\t\t\t<svg xmlns:xlink=\"http:\/\/www.w3.org\/1999\/xlink\" xmlns=\"http:\/\/www.w3.org\/2000\/svg\" width=\"90\" height=\"59\" viewBox=\"0 0 90 59\" fill=\"none\"><rect x=\"15.8301\" y=\"7.31128\" width=\"61.4381\" height=\"42.6127\" fill=\"white\"><\/rect><path d=\"M38.271 0.49365C44.4128 0.49365 50.5571 0.378062 56.6965 0.523703C63.5634 0.685528 70.4229 1.04848 77.2824 1.39524C80.4136 1.55476 83.1785 2.58581 85.2504 4.93226C86.9241 6.8256 87.7769 9.11195 88.1947 11.4445C88.7846 14.7319 89.1409 18.0747 89.3105 21.4083C89.721 29.5295 89.7357 37.6624 88.6641 45.7397C88.2095 49.1588 87.2632 52.5317 84.5475 55.1695C82.5002 57.1553 79.8974 57.8604 77.1276 58.0361C72.0696 58.3574 67.0018 58.6464 61.9339 58.7411C53.9955 58.8891 46.0521 58.9677 38.1137 58.8845C30.6717 58.8059 23.2297 58.5169 15.7902 58.2279C13.9248 58.154 12.0372 57.8534 10.2259 57.4188C6.89815 56.6259 4.76976 54.536 3.45488 51.57C1.78117 47.7949 1.49116 43.814 1.26013 39.8216C0.753841 31.0461 0.692397 22.259 1.8377 13.5298C2.34645 9.6529 3.47208 5.82923 7.16604 3.24697C9.37308 1.70502 11.9439 1.3675 14.4753 1.23342C22.399 0.812675 30.3325 0.599992 38.2636 0.306396C38.2661 0.368814 38.2685 0.431232 38.271 0.49365ZM36.1672 17.2055C36.1672 25.0123 36.1672 32.6158 36.1672 40.418C44.0958 36.5273 51.8941 32.699 59.8178 28.8129C51.8868 24.9199 44.0958 21.0962 36.1672 17.2055Z\" fill=\"#FF2D2D\"><\/path><\/svg>\t\t\t\t\t\t<\/span>\n\t\t\t\t\t\t\t\t\t\t<span class=\"elementor-icon-list-text\">Klara F\u00e4rdiga Film<\/span>\n\t\t\t\t\t\t\t\t\t<\/li>\n\t\t\t\t\t\t\t\t<li class=\"elementor-icon-list-item elementor-inline-item\">\n\t\t\t\t\t\t\t\t\t\t\t<span class=\"elementor-icon-list-icon\">\n\t\t\t\t\t\t\t<svg xmlns:xlink=\"http:\/\/www.w3.org\/1999\/xlink\" xmlns=\"http:\/\/www.w3.org\/2000\/svg\" width=\"34\" height=\"34\" viewBox=\"0 0 34 34\" fill=\"none\"><path d=\"M0.631247 9.43343C0.641981 9.32609 0.654861 9.2209 0.665595 9.11356C0.779375 7.97147 1.20658 6.96249 1.95796 6.09304C2.67498 5.26224 3.56804 4.70407 4.62426 4.41211C5.07079 4.2876 5.52805 4.22534 5.99176 4.22534C8.40259 4.22534 10.8134 4.22534 13.2243 4.22534C14.1002 4.22534 14.8172 4.80068 15.0082 5.6551C15.1821 6.43653 14.7549 7.29524 14.0315 7.63443C13.7502 7.76538 13.454 7.81691 13.1491 7.81691C10.7855 7.81691 8.42192 7.81691 6.05831 7.81691C5.49371 7.81691 5.02571 8.03158 4.65861 8.45879C4.38167 8.78296 4.23355 9.16079 4.23355 9.59015C4.23355 15.6226 4.23355 21.6529 4.23355 27.6854C4.23355 28.5634 4.89905 29.3169 5.77923 29.4393C5.8973 29.4565 6.01537 29.465 6.13345 29.465C12.0779 29.4672 18.0223 29.465 23.9668 29.4672C24.3918 29.4672 24.789 29.3727 25.1325 29.113C25.5962 28.763 25.843 28.295 25.8731 27.7133C25.8774 27.636 25.8774 27.5609 25.8774 27.4836C25.8774 25.1436 25.8774 22.8036 25.8774 20.4636C25.8774 20.06 25.9869 19.6908 26.2338 19.3709C26.6374 18.8471 27.174 18.6023 27.831 18.6581C28.6317 18.7268 29.2564 19.2936 29.426 20.075C29.4561 20.2124 29.4647 20.3584 29.4647 20.5001C29.4668 22.8637 29.4647 25.2273 29.4668 27.5909C29.469 28.7266 29.1598 29.7699 28.5158 30.7059C27.9125 31.5818 27.1182 32.2301 26.1329 32.6401C25.5446 32.8849 24.9328 33.0201 24.2952 33.0459C24.2759 33.0459 24.2566 33.0566 24.2372 33.063C18.1211 33.063 12.0049 33.063 5.88871 33.063C5.85222 33.0566 5.81572 33.048 5.77923 33.0459C5.66545 33.0373 5.55167 33.033 5.44004 33.0201C4.66934 32.9321 3.94802 32.6917 3.28037 32.2966C2.5934 31.8888 2.02451 31.3542 1.57583 30.6951C1.04772 29.918 0.738586 29.0614 0.659155 28.1233C0.648421 28.0117 0.637687 27.8979 0.626953 27.7863C0.631247 21.6658 0.631247 15.5496 0.631247 9.43343Z\" fill=\"#FFDA2D\"><\/path><path d=\"M33.0815 13.2848C33.0579 13.4136 33.0429 13.5445 33.0107 13.6712C32.8218 14.4183 32.1906 14.9507 31.4199 15.0172C30.3852 15.1052 29.4857 14.2787 29.4835 13.2375C29.4835 11.1229 29.4835 9.00622 29.4835 6.89164C29.4835 6.853 29.4792 6.8165 29.4749 6.75854C29.4363 6.79289 29.4148 6.81435 29.3912 6.83582C28.1568 8.07022 26.9224 9.30462 25.688 10.539C24.3377 11.8893 22.9874 13.2397 21.637 14.59C20.4069 15.8244 19.1704 17.0609 17.9339 18.2975C16.8089 19.4245 15.6819 20.5495 14.557 21.6765C14.1448 22.0887 13.6467 22.2733 13.0628 22.2239C12.2814 22.1574 11.5944 21.5048 11.4828 20.7319C11.3948 20.1094 11.5729 19.5791 12.0152 19.1369C13.4063 17.7436 14.8017 16.3504 16.195 14.9571C17.5925 13.5595 18.9879 12.1641 20.3855 10.7666C21.8367 9.31535 23.2879 7.86413 24.7391 6.41505C25.4433 5.71091 26.1474 5.00676 26.8516 4.30262C26.873 4.28115 26.8945 4.25754 26.9289 4.22104C26.8773 4.2189 26.8451 4.21675 26.8129 4.21675C24.7284 4.21675 22.646 4.21675 20.5615 4.21675C20.1944 4.21675 19.8402 4.14805 19.5268 3.94626C18.9171 3.55125 18.6208 2.98664 18.6788 2.26318C18.7432 1.44955 19.325 0.816249 20.1214 0.65524C20.2051 0.638066 20.291 0.627332 20.3747 0.612305C20.379 0.612305 20.3855 0.612305 20.3898 0.612305C20.4349 0.616598 20.4778 0.623039 20.5229 0.623039C24.0908 0.623039 27.6566 0.623039 31.2246 0.625185C31.3383 0.625185 31.4521 0.633772 31.5638 0.650947C32.2443 0.747552 32.839 1.2821 33.0043 1.9476C33.0407 2.09788 33.0579 2.25245 33.0837 2.40487C33.0815 6.02649 33.0815 9.65669 33.0815 13.2848Z\" fill=\"#FFDA2D\"><\/path><\/svg>\t\t\t\t\t\t<\/span>\n\t\t\t\t\t\t\t\t\t\t<span class=\"elementor-icon-list-text\"><\/span>\n\t\t\t\t\t\t\t\t\t<\/li>\n\t\t\t\t\t\t<\/ul>\n\t\t\t\t\t\t<\/div>\n\t\t\t\t<\/div>\n\t\t\t\t<\/div>\n\t\t<div class=\"elementor-element elementor-element-1da8360 e-con-full e-flex wpr-particle-no wpr-jarallax-no wpr-parallax-no wpr-sticky-section-no e-con e-child\" data-id=\"1da8360\" data-element_type=\"container\" data-e-type=\"container\" data-settings=\"{&quot;background_background&quot;:&quot;classic&quot;}\">\n\t\t<div class=\"elementor-element elementor-element-5a76ebf e-grid e-con-full wpr-particle-no wpr-jarallax-no wpr-parallax-no wpr-sticky-section-no e-con e-child\" data-id=\"5a76ebf\" data-element_type=\"container\" data-e-type=\"container\">\n\t\t\t\t<div class=\"elementor-element elementor-element-699aaa5 elementor-widget__width-inherit exad-sticky-section-no exad-glass-effect-no elementor-widget elementor-widget-heading\" data-id=\"699aaa5\" data-element_type=\"widget\" data-e-type=\"widget\" data-widget_type=\"heading.default\">\n\t\t\t\t<div class=\"elementor-widget-container\">\n\t\t\t\t\t<h2 class=\"elementor-heading-title elementor-size-default\">Ota yhteytt\u00e4!<\/h2>\t\t\t\t<\/div>\n\t\t\t\t<\/div>\n\t\t\t\t<div class=\"elementor-element elementor-element-0789786 elementor-widget__width-inherit exad-sticky-section-no exad-glass-effect-no elementor-widget elementor-widget-heading\" data-id=\"0789786\" data-element_type=\"widget\" data-e-type=\"widget\" data-widget_type=\"heading.default\">\n\t\t\t\t<div class=\"elementor-widget-container\">\n\t\t\t\t\t<h2 class=\"elementor-heading-title elementor-size-default\">HINNOITTELU<\/h2>\t\t\t\t<\/div>\n\t\t\t\t<\/div>\n\t\t\t\t<div class=\"elementor-element elementor-element-c11bf15 elementor-widget__width-inherit exad-sticky-section-no exad-glass-effect-no elementor-widget elementor-widget-heading\" data-id=\"c11bf15\" data-element_type=\"widget\" data-e-type=\"widget\" data-widget_type=\"heading.default\">\n\t\t\t\t<div class=\"elementor-widget-container\">\n\t\t\t\t\t<h2 class=\"elementor-heading-title elementor-size-default\">MITEN SE TOIMII<\/h2>\t\t\t\t<\/div>\n\t\t\t\t<\/div>\n\t\t\t\t<\/div>\n\t\t\t\t<\/div>\n\t\t\t\t\t<\/div>\n\t\t\t\t<\/div>\n\t\t\t\t<\/div>\n\t\t","protected":false},"excerpt":{"rendered":"<p>AIEMMAT TUOTANNOT T\u00e4lt\u00e4 sivulta l\u00f6yd\u00e4t sis\u00e4lt\u00f6\u00e4, jonka olemme luoneet joillekin aiemmille asiakkaillemme. Nauti!https:\/\/player.vimeo.com\/video\/852993112?h=b42622ca28NiraTeknologiayritys, joka on erikoistunut edistyneeseen data-analytiikkaan ja teko\u00e4lyyn ja tarjoaa r\u00e4\u00e4t\u00e4l\u00f6ityj\u00e4 ohjelmistoratkaisuja.https:\/\/player.vimeo.com\/video\/852975170?h=322e9be92aGritifyInnovatiivinen kest\u00e4vien rakennusmateriaalien valmistaja, joka keskittyy ymp\u00e4rist\u00f6yst\u00e4v\u00e4llisiin ja kustannustehokkaisiin rakennusteollisuuden tuotteisiin.https:\/\/player.vimeo.com\/video\/906016526?h=bafdd73f4c ABB Maailman johtava voima- ja automaatioteknologian toimittaja, joka tarjoaa digitaalisesti kytkettyj\u00e4 teollisuuslaitteita ja -j\u00e4rjestelmi\u00e4. Meid\u00e4n Youtube-kanava Klara F\u00e4rdiga Film Ota yhteytt\u00e4! HINNOITTELU MITEN SE TOIMII<\/p>\n","protected":false},"author":1,"featured_media":0,"parent":0,"menu_order":0,"comment_status":"closed","ping_status":"closed","template":"elementor_header_footer","meta":{"_acf_changed":false,"inline_featured_image":false,"footnotes":""},"class_list":["post-162","page","type-page","status-publish","hentry","entry"],"acf":[],"_links":{"self":[{"href":"https:\/\/klarafardigafilm.com\/fi\/wp-json\/wp\/v2\/pages\/162","targetHints":{"allow":["GET"]}}],"collection":[{"href":"https:\/\/klarafardigafilm.com\/fi\/wp-json\/wp\/v2\/pages"}],"about":[{"href":"https:\/\/klarafardigafilm.com\/fi\/wp-json\/wp\/v2\/types\/page"}],"author":[{"embeddable":true,"href":"https:\/\/klarafardigafilm.com\/fi\/wp-json\/wp\/v2\/users\/1"}],"replies":[{"embeddable":true,"href":"https:\/\/klarafardigafilm.com\/fi\/wp-json\/wp\/v2\/comments?post=162"}],"version-history":[{"count":30,"href":"https:\/\/klarafardigafilm.com\/fi\/wp-json\/wp\/v2\/pages\/162\/revisions"}],"predecessor-version":[{"id":595,"href":"https:\/\/klarafardigafilm.com\/fi\/wp-json\/wp\/v2\/pages\/162\/revisions\/595"}],"wp:attachment":[{"href":"https:\/\/klarafardigafilm.com\/fi\/wp-json\/wp\/v2\/media?parent=162"}],"curies":[{"name":"wp","href":"https:\/\/api.w.org\/{rel}","templated":true}]}}