{"id":626,"date":"2024-11-06T12:52:50","date_gmt":"2024-11-06T12:52:50","guid":{"rendered":"https:\/\/klarafardigafilm.com\/no\/?page_id=626"},"modified":"2024-11-12T14:09:42","modified_gmt":"2024-11-12T14:09:42","slug":"tidligere-produksjoner","status":"publish","type":"page","link":"https:\/\/klarafardigafilm.com\/no\/tidligere-produksjoner\/","title":{"rendered":"Tidligere Produksjoner"},"content":{"rendered":"\t\t<div data-elementor-type=\"wp-page\" data-elementor-id=\"626\" class=\"elementor elementor-626\" data-elementor-post-type=\"page\">\n\t\t\t\t<section class=\"elementor-element elementor-element-3e84a1e e-flex e-con-boxed wpr-particle-no wpr-jarallax-no wpr-parallax-no wpr-sticky-section-no e-con e-parent\" data-id=\"3e84a1e\" data-element_type=\"container\" data-e-type=\"container\">\n\t\t\t\t\t<div class=\"e-con-inner\">\n\t\t<div class=\"elementor-element elementor-element-baaa2db e-con-full h-one e-flex wpr-particle-no wpr-jarallax-no wpr-parallax-no wpr-sticky-section-no e-con e-child\" data-id=\"baaa2db\" data-element_type=\"container\" data-e-type=\"container\">\n\t\t\t\t<div class=\"elementor-element elementor-element-4875700 FutuMd exad-sticky-section-no exad-glass-effect-no elementor-widget elementor-widget-heading\" data-id=\"4875700\" data-element_type=\"widget\" data-e-type=\"widget\" data-widget_type=\"heading.default\">\n\t\t\t\t<div class=\"elementor-widget-container\">\n\t\t\t\t\t<h2 class=\"elementor-heading-title elementor-size-default\">TIDLIGERE<\/h2>\t\t\t\t<\/div>\n\t\t\t\t<\/div>\n\t\t\t\t<\/div>\n\t\t<div class=\"elementor-element elementor-element-7068e06 e-con-full animate-content h-two e-flex wpr-particle-no wpr-jarallax-no wpr-parallax-no wpr-sticky-section-no e-con e-child\" data-id=\"7068e06\" data-element_type=\"container\" data-e-type=\"container\">\n\t\t\t\t<div class=\"elementor-element elementor-element-e9cc285 FutuMd h-one exad-sticky-section-no exad-glass-effect-no elementor-widget elementor-widget-heading\" data-id=\"e9cc285\" data-element_type=\"widget\" data-e-type=\"widget\" data-widget_type=\"heading.default\">\n\t\t\t\t<div class=\"elementor-widget-container\">\n\t\t\t\t\t<h2 class=\"elementor-heading-title elementor-size-default\"><span class=\"stroke-text\">PRODUKSJONER<\/span><\/h2>\t\t\t\t<\/div>\n\t\t\t\t<\/div>\n\t\t<div class=\"elementor-element elementor-element-21ed343 e-con-full e-flex wpr-particle-no wpr-jarallax-no wpr-parallax-no wpr-sticky-section-no e-con e-child\" data-id=\"21ed343\" data-element_type=\"container\" data-e-type=\"container\">\n\t\t<div class=\"elementor-element elementor-element-5446467 e-con-full e-flex wpr-particle-no wpr-jarallax-no wpr-parallax-no wpr-sticky-section-no e-con e-child\" data-id=\"5446467\" data-element_type=\"container\" data-e-type=\"container\">\n\t\t\t\t<div class=\"elementor-element elementor-element-2f3d2cb elementor-align-center exad-sticky-section-no exad-glass-effect-no elementor-widget elementor-widget-button\" data-id=\"2f3d2cb\" data-element_type=\"widget\" data-e-type=\"widget\" data-widget_type=\"button.default\">\n\t\t\t\t<div class=\"elementor-widget-container\">\n\t\t\t\t\t\t\t\t\t<div class=\"elementor-button-wrapper\">\n\t\t\t\t\t<a class=\"elementor-button elementor-size-sm\" role=\"button\">\n\t\t\t\t\t\t<span class=\"elementor-button-content-wrapper\">\n\t\t\t\t\t\t<span class=\"elementor-button-icon\">\n\t\t\t\t<svg aria-hidden=\"true\" class=\"e-font-icon-svg e-fas-arrow-right\" viewBox=\"0 0 448 512\" xmlns=\"http:\/\/www.w3.org\/2000\/svg\"><path d=\"M190.5 66.9l22.2-22.2c9.4-9.4 24.6-9.4 33.9 0L441 239c9.4 9.4 9.4 24.6 0 33.9L246.6 467.3c-9.4 9.4-24.6 9.4-33.9 0l-22.2-22.2c-9.5-9.5-9.3-25 .4-34.3L311.4 296H24c-13.3 0-24-10.7-24-24v-32c0-13.3 10.7-24 24-24h287.4L190.9 101.2c-9.8-9.3-10-24.8-.4-34.3z\"><\/path><\/svg>\t\t\t<\/span>\n\t\t\t\t\t\t\t\t\t<span class=\"elementor-button-text\">KONTAKT<\/span>\n\t\t\t\t\t<\/span>\n\t\t\t\t\t<\/a>\n\t\t\t\t<\/div>\n\t\t\t\t\t\t\t\t<\/div>\n\t\t\t\t<\/div>\n\t\t\t\t<\/div>\n\t\t<div class=\"elementor-element elementor-element-4cadfe6 e-con-full e-flex wpr-particle-no wpr-jarallax-no wpr-parallax-no wpr-sticky-section-no e-con e-child\" data-id=\"4cadfe6\" data-element_type=\"container\" data-e-type=\"container\">\n\t\t\t\t<div class=\"elementor-element elementor-element-aba5919 exad-sticky-section-no exad-glass-effect-no elementor-widget elementor-widget-text-editor\" data-id=\"aba5919\" data-element_type=\"widget\" data-e-type=\"widget\" data-widget_type=\"text-editor.default\">\n\t\t\t\t<div class=\"elementor-widget-container\">\n\t\t\t\t\t\t\t\t\tP\u00e5 denne siden finner du filmer og annen content som vi har produsert for noen av v\u00e5re tidligere kunder. Kos deg!\t\t\t\t\t\t\t\t<\/div>\n\t\t\t\t<\/div>\n\t\t\t\t<\/div>\n\t\t\t\t<\/div>\n\t\t\t\t<\/div>\n\t\t\t\t\t<\/div>\n\t\t\t\t<\/section>\n\t\t<div class=\"elementor-element elementor-element-ea53439 e-flex e-con-boxed wpr-particle-no wpr-jarallax-no wpr-parallax-no wpr-sticky-section-no e-con e-parent\" data-id=\"ea53439\" data-element_type=\"container\" data-e-type=\"container\" data-settings=\"{&quot;background_background&quot;:&quot;classic&quot;}\">\n\t\t\t\t\t<div class=\"e-con-inner\">\n\t\t<div class=\"elementor-element elementor-element-26bec6b e-con-full e-flex wpr-particle-no wpr-jarallax-no wpr-parallax-no wpr-sticky-section-no e-con e-child\" data-id=\"26bec6b\" data-element_type=\"container\" data-e-type=\"container\">\n\t\t<div class=\"elementor-element elementor-element-e1949a5 e-con-full e-flex wpr-particle-no wpr-jarallax-no wpr-parallax-no wpr-sticky-section-no e-con e-child\" data-id=\"e1949a5\" data-element_type=\"container\" data-e-type=\"container\" data-settings=\"{&quot;background_background&quot;:&quot;classic&quot;,&quot;sticky&quot;:&quot;top&quot;,&quot;sticky_on&quot;:[&quot;widescreen&quot;,&quot;desktop&quot;,&quot;laptop&quot;,&quot;tablet&quot;],&quot;sticky_offset&quot;:150,&quot;sticky_parent&quot;:&quot;yes&quot;,&quot;sticky_effects_offset&quot;:0,&quot;sticky_anchor_link_offset&quot;:0}\">\n\t\t\t\t<div class=\"elementor-element elementor-element-a1d542c exad-sticky-section-no exad-glass-effect-no elementor-widget elementor-widget-video\" data-id=\"a1d542c\" data-element_type=\"widget\" data-e-type=\"widget\" data-settings=\"{&quot;video_type&quot;:&quot;vimeo&quot;}\" data-widget_type=\"video.default\">\n\t\t\t\t<div class=\"elementor-widget-container\">\n\t\t\t\t\t\t\t<div class=\"elementor-wrapper elementor-open-inline\">\n\t\t\t<iframe class=\"elementor-video-iframe\" allowfullscreen allow=\"clipboard-write\" title=\"vimeo Video Player\" src=\"https:\/\/player.vimeo.com\/video\/906009373?color&amp;autopause=0&amp;loop=0&amp;muted=0&amp;title=1&amp;portrait=1&amp;byline=1&amp;h=b22cf981c3#t=\"><\/iframe>\t\t<\/div>\n\t\t\t\t\t\t<\/div>\n\t\t\t\t<\/div>\n\t\t\t\t<div class=\"elementor-element elementor-element-932bf3a exad-sticky-section-no exad-glass-effect-no elementor-widget elementor-widget-text-editor\" data-id=\"932bf3a\" data-element_type=\"widget\" data-e-type=\"widget\" data-widget_type=\"text-editor.default\">\n\t\t\t\t<div class=\"elementor-widget-container\">\n\t\t\t\t\t\t\t\t\tRizzo\t\t\t\t\t\t\t\t<\/div>\n\t\t\t\t<\/div>\n\t\t\t\t<div class=\"elementor-element elementor-element-5cc8ecd exad-sticky-section-no exad-glass-effect-no elementor-widget elementor-widget-text-editor\" data-id=\"5cc8ecd\" data-element_type=\"widget\" data-e-type=\"widget\" data-widget_type=\"text-editor.default\">\n\t\t\t\t<div class=\"elementor-widget-container\">\n\t\t\t\t\t\t\t\t\tEn av Nordens st\u00f8rste sko- og veskebutikker, som vi har hjulpet med \u00e5 annonsere film og videoer for sosiale medier.\t\t\t\t\t\t\t\t<\/div>\n\t\t\t\t<\/div>\n\t\t\t\t<\/div>\n\t\t<div class=\"elementor-element elementor-element-20274dd e-con-full e-flex wpr-particle-no wpr-jarallax-no wpr-parallax-no wpr-sticky-section-no e-con e-child\" data-id=\"20274dd\" data-element_type=\"container\" data-e-type=\"container\" data-settings=\"{&quot;background_background&quot;:&quot;classic&quot;,&quot;sticky&quot;:&quot;top&quot;,&quot;sticky_on&quot;:[&quot;widescreen&quot;,&quot;desktop&quot;,&quot;laptop&quot;,&quot;tablet&quot;],&quot;sticky_offset&quot;:150,&quot;sticky_parent&quot;:&quot;yes&quot;,&quot;sticky_effects_offset&quot;:0,&quot;sticky_anchor_link_offset&quot;:0}\">\n\t\t\t\t<div class=\"elementor-element elementor-element-4ce4986 exad-sticky-section-no exad-glass-effect-no elementor-widget elementor-widget-video\" data-id=\"4ce4986\" data-element_type=\"widget\" data-e-type=\"widget\" data-settings=\"{&quot;video_type&quot;:&quot;vimeo&quot;}\" data-widget_type=\"video.default\">\n\t\t\t\t<div class=\"elementor-widget-container\">\n\t\t\t\t\t\t\t<div class=\"elementor-wrapper elementor-open-inline\">\n\t\t\t<iframe class=\"elementor-video-iframe\" allowfullscreen allow=\"clipboard-write\" title=\"vimeo Video Player\" src=\"https:\/\/player.vimeo.com\/video\/852993403?color&amp;autopause=0&amp;loop=0&amp;muted=0&amp;title=1&amp;portrait=1&amp;byline=1&amp;h=7a46acc803#t=\"><\/iframe>\t\t<\/div>\n\t\t\t\t\t\t<\/div>\n\t\t\t\t<\/div>\n\t\t\t\t<div class=\"elementor-element elementor-element-897871c exad-sticky-section-no exad-glass-effect-no elementor-widget elementor-widget-text-editor\" data-id=\"897871c\" data-element_type=\"widget\" data-e-type=\"widget\" data-widget_type=\"text-editor.default\">\n\t\t\t\t<div class=\"elementor-widget-container\">\n\t\t\t\t\t\t\t\t\tAlster\t\t\t\t\t\t\t\t<\/div>\n\t\t\t\t<\/div>\n\t\t\t\t<div class=\"elementor-element elementor-element-18ce81b exad-sticky-section-no exad-glass-effect-no elementor-widget elementor-widget-text-editor\" data-id=\"18ce81b\" data-element_type=\"widget\" data-e-type=\"widget\" data-widget_type=\"text-editor.default\">\n\t\t\t\t<div class=\"elementor-widget-container\">\n\t\t\t\t\t\t\t\t\tVi har laget videoer sammen med Alster kommune for \u00e5 \u00f8ke interessen for samfunnet.\t\t\t\t\t\t\t\t<\/div>\n\t\t\t\t<\/div>\n\t\t\t\t<\/div>\n\t\t<div class=\"elementor-element elementor-element-3625db4 e-con-full e-flex wpr-particle-no wpr-jarallax-no wpr-parallax-no wpr-sticky-section-no e-con e-child\" data-id=\"3625db4\" data-element_type=\"container\" data-e-type=\"container\" data-settings=\"{&quot;background_background&quot;:&quot;classic&quot;,&quot;sticky&quot;:&quot;top&quot;,&quot;sticky_on&quot;:[&quot;desktop&quot;,&quot;tablet&quot;],&quot;sticky_parent&quot;:&quot;yes&quot;,&quot;sticky_offset&quot;:0,&quot;sticky_effects_offset&quot;:0,&quot;sticky_anchor_link_offset&quot;:0}\">\n\t\t\t\t<div class=\"elementor-element elementor-element-3a61965 exad-sticky-section-no exad-glass-effect-no elementor-widget elementor-widget-video\" data-id=\"3a61965\" data-element_type=\"widget\" data-e-type=\"widget\" data-settings=\"{&quot;video_type&quot;:&quot;vimeo&quot;}\" data-widget_type=\"video.default\">\n\t\t\t\t<div class=\"elementor-widget-container\">\n\t\t\t\t\t\t\t<div class=\"elementor-wrapper elementor-open-inline\">\n\t\t\t<iframe class=\"elementor-video-iframe\" allowfullscreen allow=\"clipboard-write\" title=\"vimeo Video Player\" src=\"https:\/\/player.vimeo.com\/video\/852993403?color&amp;autopause=0&amp;loop=0&amp;muted=0&amp;title=1&amp;portrait=1&amp;byline=1&amp;h=7a46acc803#t=\"><\/iframe>\t\t<\/div>\n\t\t\t\t\t\t<\/div>\n\t\t\t\t<\/div>\n\t\t\t\t<div class=\"elementor-element elementor-element-50b442c exad-sticky-section-no exad-glass-effect-no elementor-widget elementor-widget-text-editor\" data-id=\"50b442c\" data-element_type=\"widget\" data-e-type=\"widget\" data-widget_type=\"text-editor.default\">\n\t\t\t\t<div class=\"elementor-widget-container\">\n\t\t\t\t\t\t\t\t\tSelfcare Clinic\t\t\t\t\t\t\t\t<\/div>\n\t\t\t\t<\/div>\n\t\t\t\t<div class=\"elementor-element elementor-element-800271d exad-sticky-section-no exad-glass-effect-no elementor-widget elementor-widget-text-editor\" data-id=\"800271d\" data-element_type=\"widget\" data-e-type=\"widget\" data-widget_type=\"text-editor.default\">\n\t\t\t\t<div class=\"elementor-widget-container\">\n\t\t\t\t\t\t\t\t\tEn av Norges st\u00f8rste skj\u00f8nnhetsklinikker\t\t\t\t\t\t\t\t<\/div>\n\t\t\t\t<\/div>\n\t\t\t\t<\/div>\n\t\t\t\t<\/div>\n\t\t\t\t\t<\/div>\n\t\t\t\t<\/div>\n\t\t<div class=\"elementor-element elementor-element-badc47f e-flex e-con-boxed wpr-particle-no wpr-jarallax-no wpr-parallax-no wpr-sticky-section-no e-con e-parent\" data-id=\"badc47f\" data-element_type=\"container\" data-e-type=\"container\" data-settings=\"{&quot;background_background&quot;:&quot;classic&quot;}\">\n\t\t\t\t\t<div class=\"e-con-inner\">\n\t\t\t\t<div class=\"elementor-element elementor-element-8554a5f FutuMd exad-sticky-section-no exad-glass-effect-no elementor-widget elementor-widget-heading\" data-id=\"8554a5f\" data-element_type=\"widget\" data-e-type=\"widget\" data-widget_type=\"heading.default\">\n\t\t\t\t<div class=\"elementor-widget-container\">\n\t\t\t\t\t<h2 class=\"elementor-heading-title elementor-size-default\">Se mer p\u00e5 v\u00e5r <span class=\"subtilehover\"> youtube-kanal<\/span><\/h2>\t\t\t\t<\/div>\n\t\t\t\t<\/div>\n\t\t<div class=\"elementor-element elementor-element-ca729be e-con-full e-flex wpr-particle-no wpr-jarallax-no wpr-parallax-no wpr-sticky-section-no e-con e-child\" data-id=\"ca729be\" data-element_type=\"container\" data-e-type=\"container\">\n\t\t\t\t<div class=\"elementor-element elementor-element-321ef0f elementor-icon-list--layout-inline elementor-list-item-link-full_width exad-sticky-section-no exad-glass-effect-no elementor-widget elementor-widget-icon-list\" data-id=\"321ef0f\" data-element_type=\"widget\" data-e-type=\"widget\" data-widget_type=\"icon-list.default\">\n\t\t\t\t<div class=\"elementor-widget-container\">\n\t\t\t\t\t\t\t<ul class=\"elementor-icon-list-items elementor-inline-items\">\n\t\t\t\t\t\t\t<li class=\"elementor-icon-list-item elementor-inline-item\">\n\t\t\t\t\t\t\t\t\t\t\t<span class=\"elementor-icon-list-icon\">\n\t\t\t\t\t\t\t<svg xmlns:xlink=\"http:\/\/www.w3.org\/1999\/xlink\" xmlns=\"http:\/\/www.w3.org\/2000\/svg\" width=\"90\" height=\"59\" viewBox=\"0 0 90 59\" fill=\"none\"><rect x=\"15.8301\" y=\"7.31128\" width=\"61.4381\" height=\"42.6127\" fill=\"white\"><\/rect><path d=\"M38.271 0.49365C44.4128 0.49365 50.5571 0.378062 56.6965 0.523703C63.5634 0.685528 70.4229 1.04848 77.2824 1.39524C80.4136 1.55476 83.1785 2.58581 85.2504 4.93226C86.9241 6.8256 87.7769 9.11195 88.1947 11.4445C88.7846 14.7319 89.1409 18.0747 89.3105 21.4083C89.721 29.5295 89.7357 37.6624 88.6641 45.7397C88.2095 49.1588 87.2632 52.5317 84.5475 55.1695C82.5002 57.1553 79.8974 57.8604 77.1276 58.0361C72.0696 58.3574 67.0018 58.6464 61.9339 58.7411C53.9955 58.8891 46.0521 58.9677 38.1137 58.8845C30.6717 58.8059 23.2297 58.5169 15.7902 58.2279C13.9248 58.154 12.0372 57.8534 10.2259 57.4188C6.89815 56.6259 4.76976 54.536 3.45488 51.57C1.78117 47.7949 1.49116 43.814 1.26013 39.8216C0.753841 31.0461 0.692397 22.259 1.8377 13.5298C2.34645 9.6529 3.47208 5.82923 7.16604 3.24697C9.37308 1.70502 11.9439 1.3675 14.4753 1.23342C22.399 0.812675 30.3325 0.599992 38.2636 0.306396C38.2661 0.368814 38.2685 0.431232 38.271 0.49365ZM36.1672 17.2055C36.1672 25.0123 36.1672 32.6158 36.1672 40.418C44.0958 36.5273 51.8941 32.699 59.8178 28.8129C51.8868 24.9199 44.0958 21.0962 36.1672 17.2055Z\" fill=\"#FF2D2D\"><\/path><\/svg>\t\t\t\t\t\t<\/span>\n\t\t\t\t\t\t\t\t\t\t<span class=\"elementor-icon-list-text\">Klara F\u00e4rdiga Film p\u00e5 Youtube<\/span>\n\t\t\t\t\t\t\t\t\t<\/li>\n\t\t\t\t\t\t\t\t<li class=\"elementor-icon-list-item elementor-inline-item\">\n\t\t\t\t\t\t\t\t\t\t\t<span class=\"elementor-icon-list-icon\">\n\t\t\t\t\t\t\t<svg xmlns:xlink=\"http:\/\/www.w3.org\/1999\/xlink\" xmlns=\"http:\/\/www.w3.org\/2000\/svg\" width=\"34\" height=\"34\" viewBox=\"0 0 34 34\" fill=\"none\"><path d=\"M0.631247 9.43343C0.641981 9.32609 0.654861 9.2209 0.665595 9.11356C0.779375 7.97147 1.20658 6.96249 1.95796 6.09304C2.67498 5.26224 3.56804 4.70407 4.62426 4.41211C5.07079 4.2876 5.52805 4.22534 5.99176 4.22534C8.40259 4.22534 10.8134 4.22534 13.2243 4.22534C14.1002 4.22534 14.8172 4.80068 15.0082 5.6551C15.1821 6.43653 14.7549 7.29524 14.0315 7.63443C13.7502 7.76538 13.454 7.81691 13.1491 7.81691C10.7855 7.81691 8.42192 7.81691 6.05831 7.81691C5.49371 7.81691 5.02571 8.03158 4.65861 8.45879C4.38167 8.78296 4.23355 9.16079 4.23355 9.59015C4.23355 15.6226 4.23355 21.6529 4.23355 27.6854C4.23355 28.5634 4.89905 29.3169 5.77923 29.4393C5.8973 29.4565 6.01537 29.465 6.13345 29.465C12.0779 29.4672 18.0223 29.465 23.9668 29.4672C24.3918 29.4672 24.789 29.3727 25.1325 29.113C25.5962 28.763 25.843 28.295 25.8731 27.7133C25.8774 27.636 25.8774 27.5609 25.8774 27.4836C25.8774 25.1436 25.8774 22.8036 25.8774 20.4636C25.8774 20.06 25.9869 19.6908 26.2338 19.3709C26.6374 18.8471 27.174 18.6023 27.831 18.6581C28.6317 18.7268 29.2564 19.2936 29.426 20.075C29.4561 20.2124 29.4647 20.3584 29.4647 20.5001C29.4668 22.8637 29.4647 25.2273 29.4668 27.5909C29.469 28.7266 29.1598 29.7699 28.5158 30.7059C27.9125 31.5818 27.1182 32.2301 26.1329 32.6401C25.5446 32.8849 24.9328 33.0201 24.2952 33.0459C24.2759 33.0459 24.2566 33.0566 24.2372 33.063C18.1211 33.063 12.0049 33.063 5.88871 33.063C5.85222 33.0566 5.81572 33.048 5.77923 33.0459C5.66545 33.0373 5.55167 33.033 5.44004 33.0201C4.66934 32.9321 3.94802 32.6917 3.28037 32.2966C2.5934 31.8888 2.02451 31.3542 1.57583 30.6951C1.04772 29.918 0.738586 29.0614 0.659155 28.1233C0.648421 28.0117 0.637687 27.8979 0.626953 27.7863C0.631247 21.6658 0.631247 15.5496 0.631247 9.43343Z\" fill=\"#FFDA2D\"><\/path><path d=\"M33.0815 13.2848C33.0579 13.4136 33.0429 13.5445 33.0107 13.6712C32.8218 14.4183 32.1906 14.9507 31.4199 15.0172C30.3852 15.1052 29.4857 14.2787 29.4835 13.2375C29.4835 11.1229 29.4835 9.00622 29.4835 6.89164C29.4835 6.853 29.4792 6.8165 29.4749 6.75854C29.4363 6.79289 29.4148 6.81435 29.3912 6.83582C28.1568 8.07022 26.9224 9.30462 25.688 10.539C24.3377 11.8893 22.9874 13.2397 21.637 14.59C20.4069 15.8244 19.1704 17.0609 17.9339 18.2975C16.8089 19.4245 15.6819 20.5495 14.557 21.6765C14.1448 22.0887 13.6467 22.2733 13.0628 22.2239C12.2814 22.1574 11.5944 21.5048 11.4828 20.7319C11.3948 20.1094 11.5729 19.5791 12.0152 19.1369C13.4063 17.7436 14.8017 16.3504 16.195 14.9571C17.5925 13.5595 18.9879 12.1641 20.3855 10.7666C21.8367 9.31535 23.2879 7.86413 24.7391 6.41505C25.4433 5.71091 26.1474 5.00676 26.8516 4.30262C26.873 4.28115 26.8945 4.25754 26.9289 4.22104C26.8773 4.2189 26.8451 4.21675 26.8129 4.21675C24.7284 4.21675 22.646 4.21675 20.5615 4.21675C20.1944 4.21675 19.8402 4.14805 19.5268 3.94626C18.9171 3.55125 18.6208 2.98664 18.6788 2.26318C18.7432 1.44955 19.325 0.816249 20.1214 0.65524C20.2051 0.638066 20.291 0.627332 20.3747 0.612305C20.379 0.612305 20.3855 0.612305 20.3898 0.612305C20.4349 0.616598 20.4778 0.623039 20.5229 0.623039C24.0908 0.623039 27.6566 0.623039 31.2246 0.625185C31.3383 0.625185 31.4521 0.633772 31.5638 0.650947C32.2443 0.747552 32.839 1.2821 33.0043 1.9476C33.0407 2.09788 33.0579 2.25245 33.0837 2.40487C33.0815 6.02649 33.0815 9.65669 33.0815 13.2848Z\" fill=\"#FFDA2D\"><\/path><\/svg>\t\t\t\t\t\t<\/span>\n\t\t\t\t\t\t\t\t\t\t<span class=\"elementor-icon-list-text\"><\/span>\n\t\t\t\t\t\t\t\t\t<\/li>\n\t\t\t\t\t\t<\/ul>\n\t\t\t\t\t\t<\/div>\n\t\t\t\t<\/div>\n\t\t\t\t<\/div>\n\t\t<div class=\"elementor-element elementor-element-a65d8cb e-con-full e-flex wpr-particle-no wpr-jarallax-no wpr-parallax-no wpr-sticky-section-no e-con e-child\" data-id=\"a65d8cb\" data-element_type=\"container\" data-e-type=\"container\" data-settings=\"{&quot;background_background&quot;:&quot;classic&quot;}\">\n\t\t<div class=\"elementor-element elementor-element-d7e6e68 e-grid e-con-full wpr-particle-no wpr-jarallax-no wpr-parallax-no wpr-sticky-section-no e-con e-child\" data-id=\"d7e6e68\" data-element_type=\"container\" data-e-type=\"container\">\n\t\t\t\t<div class=\"elementor-element elementor-element-b064b18 elementor-widget__width-inherit exad-sticky-section-no exad-glass-effect-no elementor-widget elementor-widget-heading\" data-id=\"b064b18\" data-element_type=\"widget\" data-e-type=\"widget\" data-widget_type=\"heading.default\">\n\t\t\t\t<div class=\"elementor-widget-container\">\n\t\t\t\t\t<h2 class=\"elementor-heading-title elementor-size-default\">FILM<\/h2>\t\t\t\t<\/div>\n\t\t\t\t<\/div>\n\t\t\t\t<div class=\"elementor-element elementor-element-fc78bb3 elementor-widget__width-inherit exad-sticky-section-no exad-glass-effect-no elementor-widget elementor-widget-heading\" data-id=\"fc78bb3\" data-element_type=\"widget\" data-e-type=\"widget\" data-widget_type=\"heading.default\">\n\t\t\t\t<div class=\"elementor-widget-container\">\n\t\t\t\t\t<h2 class=\"elementor-heading-title elementor-size-default\">REDIGERE<\/h2>\t\t\t\t<\/div>\n\t\t\t\t<\/div>\n\t\t\t\t<div class=\"elementor-element elementor-element-52f6663 elementor-widget__width-inherit exad-sticky-section-no exad-glass-effect-no elementor-widget elementor-widget-heading\" data-id=\"52f6663\" data-element_type=\"widget\" data-e-type=\"widget\" data-widget_type=\"heading.default\">\n\t\t\t\t<div class=\"elementor-widget-container\">\n\t\t\t\t\t<h2 class=\"elementor-heading-title elementor-size-default\">PUBLISER<\/h2>\t\t\t\t<\/div>\n\t\t\t\t<\/div>\n\t\t\t\t<\/div>\n\t\t<div class=\"elementor-element elementor-element-b055c04 e-con-full e-flex wpr-particle-no wpr-jarallax-no wpr-parallax-no wpr-sticky-section-no e-con e-child\" data-id=\"b055c04\" data-element_type=\"container\" data-e-type=\"container\">\n\t\t\t\t<div class=\"elementor-element elementor-element-4d8aa7e elementor-align-center exad-sticky-section-no exad-glass-effect-no elementor-widget elementor-widget-button\" data-id=\"4d8aa7e\" data-element_type=\"widget\" data-e-type=\"widget\" data-widget_type=\"button.default\">\n\t\t\t\t<div class=\"elementor-widget-container\">\n\t\t\t\t\t\t\t\t\t<div class=\"elementor-button-wrapper\">\n\t\t\t\t\t<a class=\"elementor-button elementor-size-sm\" role=\"button\">\n\t\t\t\t\t\t<span class=\"elementor-button-content-wrapper\">\n\t\t\t\t\t\t<span class=\"elementor-button-icon\">\n\t\t\t\t<svg aria-hidden=\"true\" class=\"e-font-icon-svg e-fas-arrow-right\" viewBox=\"0 0 448 512\" xmlns=\"http:\/\/www.w3.org\/2000\/svg\"><path d=\"M190.5 66.9l22.2-22.2c9.4-9.4 24.6-9.4 33.9 0L441 239c9.4 9.4 9.4 24.6 0 33.9L246.6 467.3c-9.4 9.4-24.6 9.4-33.9 0l-22.2-22.2c-9.5-9.5-9.3-25 .4-34.3L311.4 296H24c-13.3 0-24-10.7-24-24v-32c0-13.3 10.7-24 24-24h287.4L190.9 101.2c-9.8-9.3-10-24.8-.4-34.3z\"><\/path><\/svg>\t\t\t<\/span>\n\t\t\t\t\t\t\t\t\t<span class=\"elementor-button-text\">KONTAKT<\/span>\n\t\t\t\t\t<\/span>\n\t\t\t\t\t<\/a>\n\t\t\t\t<\/div>\n\t\t\t\t\t\t\t\t<\/div>\n\t\t\t\t<\/div>\n\t\t\t\t<\/div>\n\t\t\t\t<\/div>\n\t\t\t\t\t<\/div>\n\t\t\t\t<\/div>\n\t\t\t\t<\/div>\n\t\t","protected":false},"excerpt":{"rendered":"<p>TIDLIGERE PRODUKSJONER KONTAKT P\u00e5 denne siden finner du filmer og annen content som vi har produsert for noen av v\u00e5re tidligere kunder. Kos deg!https:\/\/player.vimeo.com\/video\/906009373?h=b22cf981c3RizzoEn av Nordens st\u00f8rste sko- og veskebutikker, som vi har hjulpet med \u00e5 annonsere film og videoer for sosiale medier.https:\/\/player.vimeo.com\/video\/852993403?h=7a46acc803AlsterVi har laget videoer sammen med Alster kommune for \u00e5 \u00f8ke interessen for samfunnet.https:\/\/player.vimeo.com\/video\/852993403?h=7a46acc803Selfcare ClinicEn av Norges st\u00f8rste skj\u00f8nnhetsklinikker Se mer p\u00e5 v\u00e5r youtube-kanal Klara F\u00e4rdiga Film p\u00e5 Youtube FILM REDIGERE PUBLISER KONTAKT<\/p>\n","protected":false},"author":1,"featured_media":0,"parent":0,"menu_order":0,"comment_status":"closed","ping_status":"closed","template":"elementor_header_footer","meta":{"_acf_changed":false,"inline_featured_image":false,"footnotes":""},"class_list":["post-626","page","type-page","status-publish","hentry","entry"],"acf":[],"_links":{"self":[{"href":"https:\/\/klarafardigafilm.com\/no\/wp-json\/wp\/v2\/pages\/626","targetHints":{"allow":["GET"]}}],"collection":[{"href":"https:\/\/klarafardigafilm.com\/no\/wp-json\/wp\/v2\/pages"}],"about":[{"href":"https:\/\/klarafardigafilm.com\/no\/wp-json\/wp\/v2\/types\/page"}],"author":[{"embeddable":true,"href":"https:\/\/klarafardigafilm.com\/no\/wp-json\/wp\/v2\/users\/1"}],"replies":[{"embeddable":true,"href":"https:\/\/klarafardigafilm.com\/no\/wp-json\/wp\/v2\/comments?post=626"}],"version-history":[{"count":115,"href":"https:\/\/klarafardigafilm.com\/no\/wp-json\/wp\/v2\/pages\/626\/revisions"}],"predecessor-version":[{"id":1681,"href":"https:\/\/klarafardigafilm.com\/no\/wp-json\/wp\/v2\/pages\/626\/revisions\/1681"}],"wp:attachment":[{"href":"https:\/\/klarafardigafilm.com\/no\/wp-json\/wp\/v2\/media?parent=626"}],"curies":[{"name":"wp","href":"https:\/\/api.w.org\/{rel}","templated":true}]}}