{"id":10,"date":"2024-07-01T10:13:47","date_gmt":"2024-07-01T10:13:47","guid":{"rendered":"https:\/\/klarafardigafilm.com\/sweden\/?page_id=10"},"modified":"2025-01-24T09:10:30","modified_gmt":"2025-01-24T09:10:30","slug":"hur-fungerar-det","status":"publish","type":"page","link":"https:\/\/klarafardigafilm.com\/se\/hur-fungerar-det\/","title":{"rendered":"Hur Fungerar Det"},"content":{"rendered":"\t\t<div data-elementor-type=\"wp-page\" data-elementor-id=\"10\" class=\"elementor elementor-10\" data-elementor-post-type=\"page\">\n\t\t\t\t<div class=\"elementor-element elementor-element-396704e sm-banner e-flex e-con-boxed wpr-particle-no wpr-jarallax-no wpr-parallax-no wpr-sticky-section-no e-con e-parent\" data-id=\"396704e\" data-element_type=\"container\" data-e-type=\"container\">\n\t\t\t\t\t<div class=\"e-con-inner\">\n\t\t\t\t<div class=\"elementor-element elementor-element-1b98f90 elementor-widget__width-initial h-one exad-sticky-section-no exad-glass-effect-no elementor-widget elementor-widget-heading\" data-id=\"1b98f90\" data-element_type=\"widget\" data-e-type=\"widget\" data-widget_type=\"heading.default\">\n\t\t\t\t<div class=\"elementor-widget-container\">\n\t\t\t\t\t<h1 class=\"elementor-heading-title elementor-size-default\">HUR <span>FUNGERAR<\/span><\/h1>\t\t\t\t<\/div>\n\t\t\t\t<\/div>\n\t\t<div class=\"elementor-element elementor-element-06825e4 e-con-full h-two e-flex wpr-particle-no wpr-jarallax-no wpr-parallax-no wpr-sticky-section-no e-con e-child\" data-id=\"06825e4\" data-element_type=\"container\" data-e-type=\"container\">\n\t\t\t\t<div class=\"elementor-element elementor-element-1be9860 elementor-widget__width-initial exad-sticky-section-no exad-glass-effect-no elementor-widget elementor-widget-heading\" data-id=\"1be9860\" data-element_type=\"widget\" data-e-type=\"widget\" data-widget_type=\"heading.default\">\n\t\t\t\t<div class=\"elementor-widget-container\">\n\t\t\t\t\t<h1 class=\"elementor-heading-title elementor-size-default\">DET?<\/h1>\t\t\t\t<\/div>\n\t\t\t\t<\/div>\n\t\t\t\t<div class=\"elementor-element elementor-element-4badc6a elementor-widget__width-initial elementor-widget-tablet__width-initial exad-sticky-section-no exad-glass-effect-no elementor-widget elementor-widget-text-editor\" data-id=\"4badc6a\" data-element_type=\"widget\" data-e-type=\"widget\" data-widget_type=\"text-editor.default\">\n\t\t\t\t<div class=\"elementor-widget-container\">\n\t\t\t\t\t\t\t\t\t<p>P\u00e5 den h\u00e4r sidan kan du l\u00e4sa om hur det fungerar att skapa film tillsammans med Klara F\u00e4rdiga Film! Vi kan skapa alltifr\u00e5n <a href=\"https:\/\/klarafardigafilm.com\/se\/informationsfilm\/\">informationsfilm<\/a>, <a href=\"https:\/\/klarafardigafilm.com\/se\/foretagsfilm\/\">f\u00f6retagsfilm<\/a>, <a href=\"https:\/\/klarafardigafilm.com\/se\/reklamfilm\/\">reklamfilm<\/a>, dr\u00f6narfilm, <a href=\"https:\/\/klarafardigafilm.com\/se\/produktvideos\/\">produktvideos<\/a> &#8211;\u00a0you name it!<\/p>\t\t\t\t\t\t\t\t<\/div>\n\t\t\t\t<\/div>\n\t\t\t\t<\/div>\n\t\t\t\t\t<\/div>\n\t\t\t\t<\/div>\n\t\t<div class=\"elementor-element elementor-element-d85b107 e-flex e-con-boxed wpr-particle-no wpr-jarallax-no wpr-parallax-no wpr-sticky-section-no e-con e-parent\" data-id=\"d85b107\" data-element_type=\"container\" data-e-type=\"container\">\n\t\t\t\t\t<div class=\"e-con-inner\">\n\t\t<div class=\"elementor-element elementor-element-961acfc e-con-full e-flex wpr-particle-no wpr-jarallax-no wpr-parallax-no wpr-sticky-section-no elementor-invisible e-con e-child\" data-id=\"961acfc\" data-element_type=\"container\" data-e-type=\"container\" data-settings=\"{&quot;background_background&quot;:&quot;classic&quot;,&quot;sticky&quot;:&quot;top&quot;,&quot;sticky_on&quot;:[],&quot;sticky_offset&quot;:120,&quot;sticky_parent&quot;:&quot;yes&quot;,&quot;animation&quot;:&quot;fadeInUp&quot;,&quot;sticky_effects_offset&quot;:0,&quot;sticky_anchor_link_offset&quot;:0}\">\n\t\t\t\t<div class=\"elementor-element elementor-element-6f138e4 elementor-widget__width-auto elementor-absolute elementor-widget-tablet__width-initial exad-sticky-section-no exad-glass-effect-no elementor-widget elementor-widget-heading\" data-id=\"6f138e4\" data-element_type=\"widget\" data-e-type=\"widget\" data-settings=\"{&quot;_position&quot;:&quot;absolute&quot;}\" data-widget_type=\"heading.default\">\n\t\t\t\t<div class=\"elementor-widget-container\">\n\t\t\t\t\t<h2 class=\"elementor-heading-title elementor-size-default\">Steg-1<\/h2>\t\t\t\t<\/div>\n\t\t\t\t<\/div>\n\t\t\t\t<div class=\"elementor-element elementor-element-ec5e922 elementor-position-top exad-sticky-section-no exad-glass-effect-no elementor-widget elementor-widget-image-box\" data-id=\"ec5e922\" data-element_type=\"widget\" data-e-type=\"widget\" data-widget_type=\"image-box.default\">\n\t\t\t\t<div class=\"elementor-widget-container\">\n\t\t\t\t\t<div class=\"elementor-image-box-wrapper\"><figure class=\"elementor-image-box-img\"><img decoding=\"async\" width=\"77\" height=\"83\" src=\"https:\/\/klarafardigafilm.com\/se\/wp-content\/uploads\/sites\/3\/2024\/07\/stage-1.svg\" class=\"attachment-full size-full wp-image-137\" alt=\"\" style=\"width:100%;height:107.79%;max-width:77px\" \/><\/figure><div class=\"elementor-image-box-content\"><h3 class=\"elementor-image-box-title\">STRATEGI &amp; BRAINSTORM<\/h3><p class=\"elementor-image-box-description\">Vi kartl\u00e4gger er m\u00e5lgrupp och s\u00e4ljf\u00f6rdelar, v\u00e4ljer r\u00e4tt annonskoncept, tar fram id\u00e9er och skapar engagerande inneh\u00e5ll som driver f\u00f6rs\u00e4ljning.<\/p><\/div><\/div>\t\t\t\t<\/div>\n\t\t\t\t<\/div>\n\t\t\t\t<\/div>\n\t\t<div class=\"elementor-element elementor-element-613101e e-con-full e-flex wpr-particle-no wpr-jarallax-no wpr-parallax-no wpr-sticky-section-no elementor-invisible e-con e-child\" data-id=\"613101e\" data-element_type=\"container\" data-e-type=\"container\" data-settings=\"{&quot;background_background&quot;:&quot;classic&quot;,&quot;sticky&quot;:&quot;top&quot;,&quot;sticky_on&quot;:[],&quot;sticky_offset&quot;:120,&quot;sticky_parent&quot;:&quot;yes&quot;,&quot;animation&quot;:&quot;fadeInUp&quot;,&quot;sticky_effects_offset&quot;:0,&quot;sticky_anchor_link_offset&quot;:0}\">\n\t\t\t\t<div class=\"elementor-element elementor-element-7a90ab1 elementor-widget__width-auto elementor-absolute elementor-widget-tablet__width-initial exad-sticky-section-no exad-glass-effect-no elementor-widget elementor-widget-heading\" data-id=\"7a90ab1\" data-element_type=\"widget\" data-e-type=\"widget\" data-settings=\"{&quot;_position&quot;:&quot;absolute&quot;}\" data-widget_type=\"heading.default\">\n\t\t\t\t<div class=\"elementor-widget-container\">\n\t\t\t\t\t<h2 class=\"elementor-heading-title elementor-size-default\">Steg-2<\/h2>\t\t\t\t<\/div>\n\t\t\t\t<\/div>\n\t\t\t\t<div class=\"elementor-element elementor-element-773af60 elementor-position-top exad-sticky-section-no exad-glass-effect-no elementor-widget elementor-widget-image-box\" data-id=\"773af60\" data-element_type=\"widget\" data-e-type=\"widget\" data-widget_type=\"image-box.default\">\n\t\t\t\t<div class=\"elementor-widget-container\">\n\t\t\t\t\t<div class=\"elementor-image-box-wrapper\"><figure class=\"elementor-image-box-img\"><img decoding=\"async\" width=\"77\" height=\"76\" src=\"https:\/\/klarafardigafilm.com\/se\/wp-content\/uploads\/sites\/3\/2024\/07\/stage-2.svg\" class=\"attachment-full size-full wp-image-138\" alt=\"\" style=\"width:100%;height:98.7%;max-width:77px\" \/><\/figure><div class=\"elementor-image-box-content\"><h3 class=\"elementor-image-box-title\">PLANERING &amp; PRODUKTION <\/h3><p class=\"elementor-image-box-description\">V\u00e5rt team planerar och spelar in material p\u00e5 plats, var ni \u00e4n finns i Sverige. Sedan klipper, redigerar och optimerar vi flera annonsversioner f\u00f6r att hitta den som ger b\u00e4st resultat.<\/p><\/div><\/div>\t\t\t\t<\/div>\n\t\t\t\t<\/div>\n\t\t\t\t<\/div>\n\t\t<div class=\"elementor-element elementor-element-3ef41bf e-con-full e-flex wpr-particle-no wpr-jarallax-no wpr-parallax-no wpr-sticky-section-no elementor-invisible e-con e-child\" data-id=\"3ef41bf\" data-element_type=\"container\" data-e-type=\"container\" data-settings=\"{&quot;background_background&quot;:&quot;classic&quot;,&quot;sticky&quot;:&quot;top&quot;,&quot;sticky_on&quot;:[],&quot;sticky_offset&quot;:120,&quot;sticky_parent&quot;:&quot;yes&quot;,&quot;animation&quot;:&quot;fadeInUp&quot;,&quot;sticky_effects_offset&quot;:0,&quot;sticky_anchor_link_offset&quot;:0}\">\n\t\t\t\t<div class=\"elementor-element elementor-element-f6bb7a3 elementor-widget__width-auto elementor-absolute elementor-widget-tablet__width-initial exad-sticky-section-no exad-glass-effect-no elementor-widget elementor-widget-heading\" data-id=\"f6bb7a3\" data-element_type=\"widget\" data-e-type=\"widget\" data-settings=\"{&quot;_position&quot;:&quot;absolute&quot;}\" data-widget_type=\"heading.default\">\n\t\t\t\t<div class=\"elementor-widget-container\">\n\t\t\t\t\t<h2 class=\"elementor-heading-title elementor-size-default\">Steg-3<\/h2>\t\t\t\t<\/div>\n\t\t\t\t<\/div>\n\t\t\t\t<div class=\"elementor-element elementor-element-5938bdc elementor-position-top exad-sticky-section-no exad-glass-effect-no elementor-widget elementor-widget-image-box\" data-id=\"5938bdc\" data-element_type=\"widget\" data-e-type=\"widget\" data-widget_type=\"image-box.default\">\n\t\t\t\t<div class=\"elementor-widget-container\">\n\t\t\t\t\t<div class=\"elementor-image-box-wrapper\"><figure class=\"elementor-image-box-img\"><img decoding=\"async\" width=\"91\" height=\"76\" src=\"https:\/\/klarafardigafilm.com\/se\/wp-content\/uploads\/sites\/3\/2024\/07\/stage-3.svg\" class=\"attachment-full size-full wp-image-139\" alt=\"\" style=\"width:100%;height:83.52%;max-width:91px\" \/><\/figure><div class=\"elementor-image-box-content\"><h3 class=\"elementor-image-box-title\">LEVERANS &amp; OPTIMERING<\/h3><p class=\"elementor-image-box-description\">Ni f\u00e5r snabbt ett f\u00f6rsta utkast. N\u00e4r allt \u00e4r godk\u00e4nt levererar vi f\u00e4rdigt content redo f\u00f6r publicering. D\u00e4refter m\u00e4ter vi resultatet och optimerar kontinuerligt f\u00f6r b\u00e4sta utfall.<\/p><\/div><\/div>\t\t\t\t<\/div>\n\t\t\t\t<\/div>\n\t\t\t\t<\/div>\n\t\t\t\t\t<\/div>\n\t\t\t\t<\/div>\n\t\t<div class=\"elementor-element elementor-element-dc16f8c e-flex e-con-boxed wpr-particle-no wpr-jarallax-no wpr-parallax-no wpr-sticky-section-no e-con e-parent\" data-id=\"dc16f8c\" data-element_type=\"container\" data-e-type=\"container\">\n\t\t\t\t\t<div class=\"e-con-inner\">\n\t\t\t\t<div class=\"elementor-element elementor-element-16dea05 exad-sticky-section-no exad-glass-effect-no elementor-widget elementor-widget-button\" data-id=\"16dea05\" data-element_type=\"widget\" data-e-type=\"widget\" data-widget_type=\"button.default\">\n\t\t\t\t<div class=\"elementor-widget-container\">\n\t\t\t\t\t\t\t\t\t<div class=\"elementor-button-wrapper\">\n\t\t\t\t\t<a class=\"elementor-button elementor-button-link elementor-size-sm\" href=\"https:\/\/klarafardigafilm.com\/se\/kontakt\/\">\n\t\t\t\t\t\t<span class=\"elementor-button-content-wrapper\">\n\t\t\t\t\t\t<span class=\"elementor-button-icon\">\n\t\t\t\t<svg aria-hidden=\"true\" class=\"e-font-icon-svg e-fas-arrow-right\" viewBox=\"0 0 448 512\" xmlns=\"http:\/\/www.w3.org\/2000\/svg\"><path d=\"M190.5 66.9l22.2-22.2c9.4-9.4 24.6-9.4 33.9 0L441 239c9.4 9.4 9.4 24.6 0 33.9L246.6 467.3c-9.4 9.4-24.6 9.4-33.9 0l-22.2-22.2c-9.5-9.5-9.3-25 .4-34.3L311.4 296H24c-13.3 0-24-10.7-24-24v-32c0-13.3 10.7-24 24-24h287.4L190.9 101.2c-9.8-9.3-10-24.8-.4-34.3z\"><\/path><\/svg>\t\t\t<\/span>\n\t\t\t\t\t\t\t\t\t<span class=\"elementor-button-text\">KONTAKTA OSS<\/span>\n\t\t\t\t\t<\/span>\n\t\t\t\t\t<\/a>\n\t\t\t\t<\/div>\n\t\t\t\t\t\t\t\t<\/div>\n\t\t\t\t<\/div>\n\t\t\t\t\t<\/div>\n\t\t\t\t<\/div>\n\t\t<div class=\"elementor-element elementor-element-d730f17 e-flex e-con-boxed wpr-particle-no wpr-jarallax-no wpr-parallax-no wpr-sticky-section-no e-con e-parent\" data-id=\"d730f17\" data-element_type=\"container\" data-e-type=\"container\">\n\t\t\t\t\t<div class=\"e-con-inner\">\n\t\t\t\t<div class=\"elementor-element elementor-element-99052eb exad-sticky-section-no exad-glass-effect-no elementor-invisible elementor-widget elementor-widget-image\" data-id=\"99052eb\" data-element_type=\"widget\" data-e-type=\"widget\" data-settings=\"{&quot;_animation&quot;:&quot;fadeInUp&quot;}\" data-widget_type=\"image.default\">\n\t\t\t\t<div class=\"elementor-widget-container\">\n\t\t\t\t\t\t\t\t\t\t\t\t\t\t\t<img loading=\"lazy\" decoding=\"async\" width=\"750\" height=\"500\" src=\"https:\/\/klarafardigafilm.com\/se\/wp-content\/uploads\/sites\/3\/2024\/12\/R6__6421-1024x683.jpg\" class=\"attachment-large size-large wp-image-3674\" alt=\"\" srcset=\"https:\/\/klarafardigafilm.com\/se\/wp-content\/uploads\/sites\/3\/2024\/12\/R6__6421-1024x683.jpg 1024w, https:\/\/klarafardigafilm.com\/se\/wp-content\/uploads\/sites\/3\/2024\/12\/R6__6421-300x200.jpg 300w, https:\/\/klarafardigafilm.com\/se\/wp-content\/uploads\/sites\/3\/2024\/12\/R6__6421-768x512.jpg 768w, https:\/\/klarafardigafilm.com\/se\/wp-content\/uploads\/sites\/3\/2024\/12\/R6__6421-1536x1024.jpg 1536w, https:\/\/klarafardigafilm.com\/se\/wp-content\/uploads\/sites\/3\/2024\/12\/R6__6421-2048x1365.jpg 2048w, https:\/\/klarafardigafilm.com\/se\/wp-content\/uploads\/sites\/3\/2024\/12\/R6__6421-1568x1045.jpg 1568w\" sizes=\"(max-width: 750px) 100vw, 750px\" style=\"width:100%;height:66.68%;max-width:2560px\" \/>\t\t\t\t\t\t\t\t\t\t\t\t\t\t\t<\/div>\n\t\t\t\t<\/div>\n\t\t\t\t\t<\/div>\n\t\t\t\t<\/div>\n\t\t\t\t<\/div>\n\t\t","protected":false},"excerpt":{"rendered":"<p>HUR FUNGERAR DET? P\u00e5 den h\u00e4r sidan kan du l\u00e4sa om hur det fungerar att skapa film tillsammans med Klara F\u00e4rdiga Film! Vi kan skapa alltifr\u00e5n informationsfilm, f\u00f6retagsfilm, reklamfilm, dr\u00f6narfilm, produktvideos &#8211;\u00a0you name it! Steg-1 STRATEGI &amp; BRAINSTORM Vi kartl\u00e4gger er m\u00e5lgrupp och s\u00e4ljf\u00f6rdelar, v\u00e4ljer r\u00e4tt annonskoncept, tar fram id\u00e9er och skapar engagerande inneh\u00e5ll som driver f\u00f6rs\u00e4ljning. Steg-2 PLANERING &amp; PRODUKTION V\u00e5rt team planerar och spelar in material p\u00e5 plats, var ni \u00e4n finns i Sverige. Sedan klipper, redigerar och optimerar vi flera annonsversioner f\u00f6r att hitta den som ger b\u00e4st resultat. Steg-3 LEVERANS &amp; OPTIMERING Ni f\u00e5r snabbt ett f\u00f6rsta utkast. N\u00e4r allt \u00e4r godk\u00e4nt levererar vi f\u00e4rdigt content redo f\u00f6r publicering. D\u00e4refter m\u00e4ter vi resultatet och optimerar kontinuerligt f\u00f6r b\u00e4sta utfall. KONTAKTA OSS<\/p>\n","protected":false},"author":1,"featured_media":0,"parent":0,"menu_order":0,"comment_status":"closed","ping_status":"closed","template":"elementor_header_footer","meta":{"_acf_changed":false,"inline_featured_image":false,"footnotes":""},"class_list":["post-10","page","type-page","status-publish","hentry","entry"],"acf":[],"_links":{"self":[{"href":"https:\/\/klarafardigafilm.com\/se\/wp-json\/wp\/v2\/pages\/10","targetHints":{"allow":["GET"]}}],"collection":[{"href":"https:\/\/klarafardigafilm.com\/se\/wp-json\/wp\/v2\/pages"}],"about":[{"href":"https:\/\/klarafardigafilm.com\/se\/wp-json\/wp\/v2\/types\/page"}],"author":[{"embeddable":true,"href":"https:\/\/klarafardigafilm.com\/se\/wp-json\/wp\/v2\/users\/1"}],"replies":[{"embeddable":true,"href":"https:\/\/klarafardigafilm.com\/se\/wp-json\/wp\/v2\/comments?post=10"}],"version-history":[{"count":62,"href":"https:\/\/klarafardigafilm.com\/se\/wp-json\/wp\/v2\/pages\/10\/revisions"}],"predecessor-version":[{"id":5255,"href":"https:\/\/klarafardigafilm.com\/se\/wp-json\/wp\/v2\/pages\/10\/revisions\/5255"}],"wp:attachment":[{"href":"https:\/\/klarafardigafilm.com\/se\/wp-json\/wp\/v2\/media?parent=10"}],"curies":[{"name":"wp","href":"https:\/\/api.w.org\/{rel}","templated":true}]}}