{"id":2406,"date":"2024-11-07T14:49:04","date_gmt":"2024-11-07T14:49:04","guid":{"rendered":"https:\/\/klarafardigafilm.com\/se\/?page_id=2406"},"modified":"2025-01-27T11:05:43","modified_gmt":"2025-01-27T11:05:43","slug":"produktvideos","status":"publish","type":"page","link":"https:\/\/klarafardigafilm.com\/se\/produktvideos\/","title":{"rendered":"Produktvideos"},"content":{"rendered":"\t\t<div data-elementor-type=\"wp-page\" data-elementor-id=\"2406\" class=\"elementor elementor-2406\" data-elementor-post-type=\"page\">\n\t\t\t\t<div class=\"elementor-element elementor-element-84add92 e-flex e-con-boxed wpr-particle-no wpr-jarallax-no wpr-parallax-no wpr-sticky-section-no e-con e-parent\" data-id=\"84add92\" data-element_type=\"container\" data-e-type=\"container\">\n\t\t\t\t\t<div class=\"e-con-inner\">\n\t\t\t\t<div class=\"elementor-element elementor-element-bc222f5 elementor-widget__width-initial exad-sticky-section-no exad-glass-effect-no elementor-widget elementor-widget-heading\" data-id=\"bc222f5\" data-element_type=\"widget\" data-e-type=\"widget\" data-widget_type=\"heading.default\">\n\t\t\t\t<div class=\"elementor-widget-container\">\n\t\t\t\t\t<h1 class=\"elementor-heading-title elementor-size-default\">Produktvideos<\/h1>\t\t\t\t<\/div>\n\t\t\t\t<\/div>\n\t\t\t\t<div class=\"elementor-element elementor-element-807ec37 elementor-widget__width-initial exad-sticky-section-no exad-glass-effect-no elementor-widget elementor-widget-text-editor\" data-id=\"807ec37\" data-element_type=\"widget\" data-e-type=\"widget\" data-widget_type=\"text-editor.default\">\n\t\t\t\t<div class=\"elementor-widget-container\">\n\t\t\t\t\t\t\t\t\t<p>Nedan kan du se produktvideos vi har producerat \u00e5t v\u00e5ra kunder<\/p>\t\t\t\t\t\t\t\t<\/div>\n\t\t\t\t<\/div>\n\t\t\t\t\t<\/div>\n\t\t\t\t<\/div>\n\t\t<div class=\"elementor-element elementor-element-77426e0 e-flex e-con-boxed wpr-particle-no wpr-jarallax-no wpr-parallax-no wpr-sticky-section-no e-con e-parent\" data-id=\"77426e0\" data-element_type=\"container\" data-e-type=\"container\" data-settings=\"{&quot;background_background&quot;:&quot;classic&quot;,&quot;shape_divider_top&quot;:&quot;waves&quot;,&quot;shape_divider_top_negative&quot;:&quot;yes&quot;}\">\n\t\t\t\t\t<div class=\"e-con-inner\">\n\t\t\t\t<div class=\"elementor-shape elementor-shape-top\" aria-hidden=\"true\" data-negative=\"true\">\n\t\t\t<svg xmlns=\"http:\/\/www.w3.org\/2000\/svg\" viewBox=\"0 0 1000 100\" preserveAspectRatio=\"none\">\n\t<path class=\"elementor-shape-fill\" d=\"M790.5,93.1c-59.3-5.3-116.8-18-192.6-50c-29.6-12.7-76.9-31-100.5-35.9c-23.6-4.9-52.6-7.8-75.5-5.3\n\tc-10.2,1.1-22.6,1.4-50.1,7.4c-27.2,6.3-58.2,16.6-79.4,24.7c-41.3,15.9-94.9,21.9-134,22.6C72,58.2,0,25.8,0,25.8V100h1000V65.3\n\tc0,0-51.5,19.4-106.2,25.7C839.5,97,814.1,95.2,790.5,93.1z\"\/>\n<\/svg>\t\t<\/div>\n\t\t\t\t<div class=\"elementor-element elementor-element-f6e4ecd exad-sticky-section-no exad-glass-effect-no elementor-widget elementor-widget-heading\" data-id=\"f6e4ecd\" data-element_type=\"widget\" data-e-type=\"widget\" data-widget_type=\"heading.default\">\n\t\t\t\t<div class=\"elementor-widget-container\">\n\t\t\t\t\t<h2 class=\"elementor-heading-title elementor-size-default\">Se tidigare produktioner<\/h2>\t\t\t\t<\/div>\n\t\t\t\t<\/div>\n\t\t<div class=\"elementor-element elementor-element-4f332b9 e-con-full e-flex wpr-particle-no wpr-jarallax-no wpr-parallax-no wpr-sticky-section-no e-con e-child\" data-id=\"4f332b9\" data-element_type=\"container\" data-e-type=\"container\">\n\t\t<div class=\"elementor-element elementor-element-c90508e e-con-full e-flex wpr-particle-no wpr-jarallax-no wpr-parallax-no wpr-sticky-section-no e-con e-child\" data-id=\"c90508e\" data-element_type=\"container\" data-e-type=\"container\" data-settings=\"{&quot;background_background&quot;:&quot;classic&quot;}\">\n\t\t\t\t<div class=\"elementor-element elementor-element-e2202ec exad-sticky-section-no exad-glass-effect-no elementor-widget elementor-widget-video\" data-id=\"e2202ec\" data-element_type=\"widget\" data-e-type=\"widget\" data-settings=\"{&quot;video_type&quot;:&quot;vimeo&quot;}\" data-widget_type=\"video.default\">\n\t\t\t\t<div class=\"elementor-widget-container\">\n\t\t\t\t\t\t\t<div class=\"elementor-wrapper elementor-open-inline\">\n\t\t\t<iframe class=\"elementor-video-iframe\" allowfullscreen allow=\"clipboard-write\" title=\"youtube Video Player\" src=\"https:\/\/www.youtube.com\/embed\/V3DW6bg9a0k?feature=oembed&amp;color&amp;autopause=0&amp;loop=0&amp;muted=0&amp;title=1&amp;portrait=1&amp;byline=1\"><\/iframe>\t\t<\/div>\n\t\t\t\t\t\t<\/div>\n\t\t\t\t<\/div>\n\t\t\t\t<\/div>\n\t\t<div class=\"elementor-element elementor-element-7ca5e81 e-con-full e-flex wpr-particle-no wpr-jarallax-no wpr-parallax-no wpr-sticky-section-no e-con e-child\" data-id=\"7ca5e81\" data-element_type=\"container\" data-e-type=\"container\" data-settings=\"{&quot;background_background&quot;:&quot;classic&quot;}\">\n\t\t\t\t<div class=\"elementor-element elementor-element-933edcf exad-sticky-section-no exad-glass-effect-no elementor-widget elementor-widget-video\" data-id=\"933edcf\" data-element_type=\"widget\" data-e-type=\"widget\" data-settings=\"{&quot;video_type&quot;:&quot;vimeo&quot;}\" data-widget_type=\"video.default\">\n\t\t\t\t<div class=\"elementor-widget-container\">\n\t\t\t\t\t\t\t<div class=\"elementor-wrapper elementor-open-inline\">\n\t\t\t<iframe class=\"elementor-video-iframe\" allowfullscreen allow=\"clipboard-write\" title=\"youtube Video Player\" src=\"https:\/\/www.youtube.com\/embed\/bEE8kzQl1gU?feature=oembed&amp;color&amp;autopause=0&amp;loop=0&amp;muted=0&amp;title=1&amp;portrait=1&amp;byline=1\"><\/iframe>\t\t<\/div>\n\t\t\t\t\t\t<\/div>\n\t\t\t\t<\/div>\n\t\t\t\t<\/div>\n\t\t<div class=\"elementor-element elementor-element-4076e17 e-con-full e-flex wpr-particle-no wpr-jarallax-no wpr-parallax-no wpr-sticky-section-no e-con e-child\" data-id=\"4076e17\" data-element_type=\"container\" data-e-type=\"container\" data-settings=\"{&quot;background_background&quot;:&quot;classic&quot;}\">\n\t\t\t\t<div class=\"elementor-element elementor-element-727d32b exad-sticky-section-no exad-glass-effect-no elementor-widget elementor-widget-video\" data-id=\"727d32b\" data-element_type=\"widget\" data-e-type=\"widget\" data-settings=\"{&quot;video_type&quot;:&quot;vimeo&quot;}\" data-widget_type=\"video.default\">\n\t\t\t\t<div class=\"elementor-widget-container\">\n\t\t\t\t\t\t\t<div class=\"elementor-wrapper elementor-open-inline\">\n\t\t\t<iframe class=\"elementor-video-iframe\" allowfullscreen allow=\"clipboard-write\" title=\"youtube Video Player\" src=\"https:\/\/www.youtube.com\/embed\/4J-g6o4v_zg?feature=oembed&amp;color&amp;autopause=0&amp;loop=0&amp;muted=0&amp;title=1&amp;portrait=1&amp;byline=1\"><\/iframe>\t\t<\/div>\n\t\t\t\t\t\t<\/div>\n\t\t\t\t<\/div>\n\t\t\t\t<\/div>\n\t\t\t\t<\/div>\n\t\t\t\t\t<\/div>\n\t\t\t\t<\/div>\n\t\t<div class=\"elementor-element elementor-element-4375867 e-flex e-con-boxed wpr-particle-no wpr-jarallax-no wpr-parallax-no wpr-sticky-section-no e-con e-parent\" data-id=\"4375867\" data-element_type=\"container\" data-e-type=\"container\" data-settings=\"{&quot;background_background&quot;:&quot;classic&quot;,&quot;shape_divider_top&quot;:&quot;waves&quot;,&quot;shape_divider_bottom&quot;:&quot;waves&quot;}\">\n\t\t\t\t\t<div class=\"e-con-inner\">\n\t\t\t\t<div class=\"elementor-shape elementor-shape-top\" aria-hidden=\"true\" data-negative=\"false\">\n\t\t\t<svg xmlns=\"http:\/\/www.w3.org\/2000\/svg\" viewBox=\"0 0 1000 100\" preserveAspectRatio=\"none\">\n\t<path class=\"elementor-shape-fill\" d=\"M421.9,6.5c22.6-2.5,51.5,0.4,75.5,5.3c23.6,4.9,70.9,23.5,100.5,35.7c75.8,32.2,133.7,44.5,192.6,49.7\n\tc23.6,2.1,48.7,3.5,103.4-2.5c54.7-6,106.2-25.6,106.2-25.6V0H0v30.3c0,0,72,32.6,158.4,30.5c39.2-0.7,92.8-6.7,134-22.4\n\tc21.2-8.1,52.2-18.2,79.7-24.2C399.3,7.9,411.6,7.5,421.9,6.5z\"\/>\n<\/svg>\t\t<\/div>\n\t\t\t\t<div class=\"elementor-shape elementor-shape-bottom\" aria-hidden=\"true\" data-negative=\"false\">\n\t\t\t<svg xmlns=\"http:\/\/www.w3.org\/2000\/svg\" viewBox=\"0 0 1000 100\" preserveAspectRatio=\"none\">\n\t<path class=\"elementor-shape-fill\" d=\"M421.9,6.5c22.6-2.5,51.5,0.4,75.5,5.3c23.6,4.9,70.9,23.5,100.5,35.7c75.8,32.2,133.7,44.5,192.6,49.7\n\tc23.6,2.1,48.7,3.5,103.4-2.5c54.7-6,106.2-25.6,106.2-25.6V0H0v30.3c0,0,72,32.6,158.4,30.5c39.2-0.7,92.8-6.7,134-22.4\n\tc21.2-8.1,52.2-18.2,79.7-24.2C399.3,7.9,411.6,7.5,421.9,6.5z\"\/>\n<\/svg>\t\t<\/div>\n\t\t<div class=\"elementor-element elementor-element-addcd62 e-con-full e-flex wpr-particle-no wpr-jarallax-no wpr-parallax-no wpr-sticky-section-no e-con e-child\" data-id=\"addcd62\" data-element_type=\"container\" data-e-type=\"container\">\n\t\t\t\t<div class=\"elementor-element elementor-element-a1d4477 exad-sticky-section-no exad-glass-effect-no elementor-widget elementor-widget-text-editor\" data-id=\"a1d4477\" data-element_type=\"widget\" data-e-type=\"widget\" data-widget_type=\"text-editor.default\">\n\t\t\t\t<div class=\"elementor-widget-container\">\n\t\t\t\t\t\t\t\t\t<h2>Vad \u00e4r syftet med en produktvideo?<\/h2><p>\u00a0<\/p><p>Syftet med en produktvideo \u00e4r att \u00f6ka f\u00f6rst\u00e5elsen och intresset f\u00f6r en produkt genom att demonstrera dess funktioner, f\u00f6rdelar och anv\u00e4ndning i ett visuellt och engagerande format. En effektiv produktvideo ber\u00e4ttar en historia som kopplar produktens v\u00e4rde med kundens behov, vilket kan leda till f\u00f6rb\u00e4ttrad varum\u00e4rkesmedvetenhet och konverteringar.<\/p><p>\u00a0<\/p><h2>Hur l\u00e5ng b\u00f6r en produktvideo vara?<\/h2><p>\u00a0<\/p><p>En optimal produktvideo b\u00f6r vara tillr\u00e4ckligt l\u00e5ng f\u00f6r att f\u00f6rmedla sin budskap (vanligtvis mellan 1 till 3 minuter). Tidsl\u00e4ngden b\u00f6r anpassas s\u00e5 att den h\u00e5ller tittarens uppm\u00e4rksamhet och ger tillr\u00e4ckligt med information utan att bli f\u00f6r l\u00e5ngdragen. Kortare videor tenderar att fungera b\u00e4ttre f\u00f6r sociala medier, medan mer detaljerade f\u00f6rklaringar kan vara l\u00e4ngre.<\/p><p>\u00a0<\/p><h2>Vilka element b\u00f6r inkluderas i en produktvideo?<\/h2><p>\u00a0<\/p><p>En produktvideo b\u00f6r inkludera en tydlig demonstration av produkten, dess funktioner och f\u00f6rdelar, kundrecensioner eller testimonialer, och en stark call-to-action. Autentiska ber\u00e4ttelser som visar produkten i verkliga situationer hj\u00e4lper ocks\u00e5 tittaren att f\u00f6rst\u00e5 hur produkten kan passa in i deras liv.<\/p><p>\u00a0<\/p><h2>Hur mycket kostar det att producera en produktvideo?<\/h2><p>\u00a0<\/p><p>Kostnaden f\u00f6r att producera en produktvideo varierar beroende p\u00e5 faktorer som videons l\u00e4ngd, komplexitet, produktionskvalitet och om professionella tj\u00e4nster beh\u00f6vs. Priset kan variera fr\u00e5n n\u00e5gra hundra till tiotusentals dollar. Det \u00e4r viktigt att balansera budget med kvalitetsbehov f\u00f6r att uppn\u00e5 \u00f6nskat resultat.\u00a0<\/p>\t\t\t\t\t\t\t\t<\/div>\n\t\t\t\t<\/div>\n\t\t\t\t<\/div>\n\t\t<div class=\"elementor-element elementor-element-221ede5 e-con-full e-flex wpr-particle-no wpr-jarallax-no wpr-parallax-no wpr-sticky-section-no e-con e-child\" data-id=\"221ede5\" data-element_type=\"container\" data-e-type=\"container\">\n\t\t\t\t<div class=\"elementor-element elementor-element-991a083 yellow-btn exad-sticky-section-no exad-glass-effect-no elementor-widget elementor-widget-button\" data-id=\"991a083\" data-element_type=\"widget\" data-e-type=\"widget\" data-widget_type=\"button.default\">\n\t\t\t\t<div class=\"elementor-widget-container\">\n\t\t\t\t\t\t\t\t\t<div class=\"elementor-button-wrapper\">\n\t\t\t\t\t<a class=\"elementor-button elementor-button-link elementor-size-sm\" href=\"https:\/\/klarafardigafilm.com\/se\/kontakt\/\">\n\t\t\t\t\t\t<span class=\"elementor-button-content-wrapper\">\n\t\t\t\t\t\t\t\t\t<span class=\"elementor-button-text\">Kontakta Oss!<\/span>\n\t\t\t\t\t<\/span>\n\t\t\t\t\t<\/a>\n\t\t\t\t<\/div>\n\t\t\t\t\t\t\t\t<\/div>\n\t\t\t\t<\/div>\n\t\t\t\t<\/div>\n\t\t\t\t\t<\/div>\n\t\t\t\t<\/div>\n\t\t<div class=\"elementor-element elementor-element-8330133 e-flex e-con-boxed wpr-particle-no wpr-jarallax-no wpr-parallax-no wpr-sticky-section-no e-con e-parent\" data-id=\"8330133\" data-element_type=\"container\" data-e-type=\"container\">\n\t\t\t\t\t<div class=\"e-con-inner\">\n\t\t<div class=\"elementor-element elementor-element-b08f596 e-con-full e-flex wpr-particle-no wpr-jarallax-no wpr-parallax-no wpr-sticky-section-no e-con e-child\" data-id=\"b08f596\" data-element_type=\"container\" data-e-type=\"container\">\n\t\t\t\t<div class=\"elementor-element elementor-element-425acce exad-sticky-section-no exad-glass-effect-no elementor-widget elementor-widget-heading\" data-id=\"425acce\" data-element_type=\"widget\" data-e-type=\"widget\" data-widget_type=\"heading.default\">\n\t\t\t\t<div class=\"elementor-widget-container\">\n\t\t\t\t\t<h2 class=\"elementor-heading-title elementor-size-default\">Klara F\u00e4rdiga Film<\/h2>\t\t\t\t<\/div>\n\t\t\t\t<\/div>\n\t\t\t\t<div class=\"elementor-element elementor-element-f669fe0 exad-sticky-section-no exad-glass-effect-no elementor-widget elementor-widget-text-editor\" data-id=\"f669fe0\" data-element_type=\"widget\" data-e-type=\"widget\" data-widget_type=\"text-editor.default\">\n\t\t\t\t<div class=\"elementor-widget-container\">\n\t\t\t\t\t\t\t\t\t<p>Med Klara F\u00e4rdiga Film kan du spela in produktvideos f\u00f6r fastpris! Kontakta oss s\u00e5 hj\u00e4lper vi dig<\/p>\t\t\t\t\t\t\t\t<\/div>\n\t\t\t\t<\/div>\n\t\t\t\t<\/div>\n\t\t<div class=\"elementor-element elementor-element-3a70a91 e-con-full e-flex wpr-particle-no wpr-jarallax-no wpr-parallax-no wpr-sticky-section-no e-con e-child\" data-id=\"3a70a91\" data-element_type=\"container\" data-e-type=\"container\">\n\t\t\t\t<div class=\"elementor-element elementor-element-1949467 exad-sticky-section-no exad-glass-effect-no elementor-widget elementor-widget-button\" data-id=\"1949467\" data-element_type=\"widget\" data-e-type=\"widget\" data-widget_type=\"button.default\">\n\t\t\t\t<div class=\"elementor-widget-container\">\n\t\t\t\t\t\t\t\t\t<div class=\"elementor-button-wrapper\">\n\t\t\t\t\t<a class=\"elementor-button elementor-button-link elementor-size-sm\" href=\"#\">\n\t\t\t\t\t\t<span class=\"elementor-button-content-wrapper\">\n\t\t\t\t\t\t\t\t\t<span class=\"elementor-button-text\">ETT ORD FR\u00c5N EN N\u00d6JD KUND<\/span>\n\t\t\t\t\t<\/span>\n\t\t\t\t\t<\/a>\n\t\t\t\t<\/div>\n\t\t\t\t\t\t\t\t<\/div>\n\t\t\t\t<\/div>\n\t\t\t\t<div class=\"elementor-element elementor-element-5947c58 exad-sticky-section-no exad-glass-effect-no elementor-widget elementor-widget-text-editor\" data-id=\"5947c58\" data-element_type=\"widget\" data-e-type=\"widget\" data-widget_type=\"text-editor.default\">\n\t\t\t\t<div class=\"elementor-widget-container\">\n\t\t\t\t\t\t\t\t\t<p>Klara F\u00e4rdiga Film tog fram ett koncept som vi kunde anv\u00e4nda f\u00f6r b\u00e5de sociala medier och reklam. Varje m\u00e5nad fick vi m\u00f6jlighet att testa nya id\u00e9er, och det fick oss att \u00f6ka v\u00e5r ROAS med 30 % i Metaannonsering, samtidigt som vi skapade proffsigt och engagerande inneh\u00e5ll i Some<\/p>\t\t\t\t\t\t\t\t<\/div>\n\t\t\t\t<\/div>\n\t\t<div class=\"elementor-element elementor-element-8f7af19 e-con-full e-flex wpr-particle-no wpr-jarallax-no wpr-parallax-no wpr-sticky-section-no e-con e-child\" data-id=\"8f7af19\" data-element_type=\"container\" data-e-type=\"container\">\n\t\t<div class=\"elementor-element elementor-element-4ed3493 e-con-full e-flex wpr-particle-no wpr-jarallax-no wpr-parallax-no wpr-sticky-section-no e-con e-child\" data-id=\"4ed3493\" data-element_type=\"container\" data-e-type=\"container\">\n\t\t\t\t<div class=\"elementor-element elementor-element-5f8faf3 elementor-widget__width-initial exad-sticky-section-no exad-glass-effect-no elementor-widget elementor-widget-image\" data-id=\"5f8faf3\" data-element_type=\"widget\" data-e-type=\"widget\" data-widget_type=\"image.default\">\n\t\t\t\t<div class=\"elementor-widget-container\">\n\t\t\t\t\t\t\t\t\t\t\t\t\t\t\t<img decoding=\"async\" width=\"74\" height=\"74\" src=\"https:\/\/klarafardigafilm.com\/se\/wp-content\/uploads\/sites\/3\/2024\/11\/d31876e6332cd550e1870353a5420178.Ellipse-1.webp\" class=\"attachment-large size-large wp-image-1966\" alt=\"\" style=\"width:100%;height:100%;max-width:74px\" \/>\t\t\t\t\t\t\t\t\t\t\t\t\t\t\t<\/div>\n\t\t\t\t<\/div>\n\t\t<div class=\"elementor-element elementor-element-9f50971 e-con-full e-flex wpr-particle-no wpr-jarallax-no wpr-parallax-no wpr-sticky-section-no e-con e-child\" data-id=\"9f50971\" data-element_type=\"container\" data-e-type=\"container\">\n\t\t\t\t<div class=\"elementor-element elementor-element-fe975e7 exad-sticky-section-no exad-glass-effect-no elementor-widget elementor-widget-text-editor\" data-id=\"fe975e7\" data-element_type=\"widget\" data-e-type=\"widget\" data-widget_type=\"text-editor.default\">\n\t\t\t\t<div class=\"elementor-widget-container\">\n\t\t\t\t\t\t\t\t\tFelix Lundevall\t\t\t\t\t\t\t\t<\/div>\n\t\t\t\t<\/div>\n\t\t\t\t<div class=\"elementor-element elementor-element-1c0882f exad-sticky-section-no exad-glass-effect-no elementor-widget elementor-widget-text-editor\" data-id=\"1c0882f\" data-element_type=\"widget\" data-e-type=\"widget\" data-widget_type=\"text-editor.default\">\n\t\t\t\t<div class=\"elementor-widget-container\">\n\t\t\t\t\t\t\t\t\tHead of Growth at Mindler\t\t\t\t\t\t\t\t<\/div>\n\t\t\t\t<\/div>\n\t\t\t\t<\/div>\n\t\t\t\t<\/div>\n\t\t\t\t<\/div>\n\t\t\t\t<\/div>\n\t\t\t\t\t<\/div>\n\t\t\t\t<\/div>\n\t\t\t\t<\/div>\n\t\t","protected":false},"excerpt":{"rendered":"<p>Produktvideos Nedan kan du se produktvideos vi har producerat \u00e5t v\u00e5ra kunder Se tidigare produktioner Vad \u00e4r syftet med en produktvideo? \u00a0 Syftet med en produktvideo \u00e4r att \u00f6ka f\u00f6rst\u00e5elsen och intresset f\u00f6r en produkt genom att demonstrera dess funktioner, f\u00f6rdelar och anv\u00e4ndning i ett visuellt och engagerande format. En effektiv produktvideo ber\u00e4ttar en historia som kopplar produktens v\u00e4rde med kundens behov, vilket kan leda till f\u00f6rb\u00e4ttrad varum\u00e4rkesmedvetenhet och konverteringar. \u00a0 Hur l\u00e5ng b\u00f6r en produktvideo vara? \u00a0 En optimal produktvideo b\u00f6r vara tillr\u00e4ckligt l\u00e5ng f\u00f6r att f\u00f6rmedla sin budskap (vanligtvis mellan 1 till 3 minuter). Tidsl\u00e4ngden b\u00f6r anpassas s\u00e5 att den h\u00e5ller tittarens uppm\u00e4rksamhet och ger tillr\u00e4ckligt med information utan att bli f\u00f6r l\u00e5ngdragen. Kortare videor tenderar att fungera b\u00e4ttre f\u00f6r sociala medier, medan mer detaljerade f\u00f6rklaringar kan vara l\u00e4ngre. \u00a0 Vilka element b\u00f6r inkluderas i en produktvideo? \u00a0 En produktvideo b\u00f6r inkludera en tydlig demonstration av produkten, dess funktioner och f\u00f6rdelar, kundrecensioner eller testimonialer, och en stark call-to-action. Autentiska ber\u00e4ttelser som visar produkten i verkliga situationer hj\u00e4lper ocks\u00e5 tittaren att f\u00f6rst\u00e5 hur produkten kan passa in i deras liv. \u00a0 Hur mycket kostar det att producera en produktvideo? \u00a0 Kostnaden f\u00f6r att producera en produktvideo varierar beroende p\u00e5 faktorer som videons l\u00e4ngd, komplexitet, produktionskvalitet och om professionella tj\u00e4nster beh\u00f6vs. Priset kan variera fr\u00e5n n\u00e5gra hundra till tiotusentals dollar. Det \u00e4r viktigt att balansera budget med kvalitetsbehov f\u00f6r att uppn\u00e5 \u00f6nskat resultat.\u00a0 Kontakta Oss! Klara F\u00e4rdiga Film Med Klara F\u00e4rdiga Film kan du spela in produktvideos f\u00f6r fastpris! Kontakta oss s\u00e5 hj\u00e4lper vi dig ETT ORD FR\u00c5N EN N\u00d6JD KUND Klara F\u00e4rdiga Film tog fram ett koncept som vi kunde anv\u00e4nda f\u00f6r b\u00e5de sociala medier och reklam. Varje m\u00e5nad fick vi m\u00f6jlighet att testa nya id\u00e9er, och det fick oss att \u00f6ka v\u00e5r ROAS med 30 % i Metaannonsering, samtidigt som vi skapade proffsigt och engagerande inneh\u00e5ll i Some Felix LundevallHead of Growth at Mindler<\/p>\n","protected":false},"author":1,"featured_media":0,"parent":0,"menu_order":0,"comment_status":"closed","ping_status":"closed","template":"elementor_header_footer","meta":{"_acf_changed":false,"inline_featured_image":false,"footnotes":""},"class_list":["post-2406","page","type-page","status-publish","hentry","entry"],"acf":[],"_links":{"self":[{"href":"https:\/\/klarafardigafilm.com\/se\/wp-json\/wp\/v2\/pages\/2406","targetHints":{"allow":["GET"]}}],"collection":[{"href":"https:\/\/klarafardigafilm.com\/se\/wp-json\/wp\/v2\/pages"}],"about":[{"href":"https:\/\/klarafardigafilm.com\/se\/wp-json\/wp\/v2\/types\/page"}],"author":[{"embeddable":true,"href":"https:\/\/klarafardigafilm.com\/se\/wp-json\/wp\/v2\/users\/1"}],"replies":[{"embeddable":true,"href":"https:\/\/klarafardigafilm.com\/se\/wp-json\/wp\/v2\/comments?post=2406"}],"version-history":[{"count":22,"href":"https:\/\/klarafardigafilm.com\/se\/wp-json\/wp\/v2\/pages\/2406\/revisions"}],"predecessor-version":[{"id":4679,"href":"https:\/\/klarafardigafilm.com\/se\/wp-json\/wp\/v2\/pages\/2406\/revisions\/4679"}],"wp:attachment":[{"href":"https:\/\/klarafardigafilm.com\/se\/wp-json\/wp\/v2\/media?parent=2406"}],"curies":[{"name":"wp","href":"https:\/\/api.w.org\/{rel}","templated":true}]}}